{"id":1376,"date":"2020-04-18T08:41:54","date_gmt":"2020-04-18T06:41:54","guid":{"rendered":"https:\/\/www.gresduvent.fr\/site\/?page_id=1376"},"modified":"2025-12-31T09:33:29","modified_gmt":"2025-12-31T08:33:29","slug":"mon-echiquier-personnalise","status":"publish","type":"page","link":"https:\/\/www.gresduvent.fr\/site\/mon-echiquier-personnalise\/","title":{"rendered":"Artiste-Artisan-animatrice, Rapha\u00eble Gallet"},"content":{"rendered":"<div class=\"mceTemp\">\n<p><a href=\"https:\/\/www.gresduvent.fr\/site\/wp-content\/uploads\/2022\/08\/F5DD75C8-6987-4E3F-8199-FA3A1564ECF0.jpeg\"><img loading=\"lazy\" decoding=\"async\" class=\"wp-image-2042 size-medium\" src=\"https:\/\/www.gresduvent.fr\/site\/wp-content\/uploads\/2022\/08\/F5DD75C8-6987-4E3F-8199-FA3A1564ECF0-222x300.jpeg\" alt=\"\" width=\"222\" height=\"300\" srcset=\"https:\/\/www.gresduvent.fr\/site\/wp-content\/uploads\/2022\/08\/F5DD75C8-6987-4E3F-8199-FA3A1564ECF0-222x300.jpeg 222w, https:\/\/www.gresduvent.fr\/site\/wp-content\/uploads\/2022\/08\/F5DD75C8-6987-4E3F-8199-FA3A1564ECF0-520x703.jpeg 520w, https:\/\/www.gresduvent.fr\/site\/wp-content\/uploads\/2022\/08\/F5DD75C8-6987-4E3F-8199-FA3A1564ECF0-360x487.jpeg 360w, https:\/\/www.gresduvent.fr\/site\/wp-content\/uploads\/2022\/08\/F5DD75C8-6987-4E3F-8199-FA3A1564ECF0-250x338.jpeg 250w, https:\/\/www.gresduvent.fr\/site\/wp-content\/uploads\/2022\/08\/F5DD75C8-6987-4E3F-8199-FA3A1564ECF0-100x135.jpeg 100w, https:\/\/www.gresduvent.fr\/site\/wp-content\/uploads\/2022\/08\/F5DD75C8-6987-4E3F-8199-FA3A1564ECF0.jpeg 621w\" sizes=\"auto, (max-width: 222px) 100vw, 222px\" \/><\/a><\/p>\n<ol id=\"attachment_2042\" class=\"wp-caption aligncenter\" style=\"width: 222px;\">Rapha\u00eble Gallet<\/ol>\n<\/div>\n<h2 class=\"p1\" style=\"text-align: center;\"><span class=\"s1\">Artisan<\/span><\/h2>\n<p class=\"p1\"><span class=\"s1\">Type d.objets en C\u00e9ramiques : utilitaires, bijoux, pots de fleur, d\u00e9co int\u00e9rieure ou ext\u00e9rieure.<\/span><\/p>\n<p class=\"p1\"><span class=\"s1\"> Mati\u00e8re travaill\u00e9e : le gr\u00e8s mise en couleur avec \u00e9maux et\/ou Patine<\/span><\/p>\n<p class=\"p1\"><span class=\"s1\">Technique : Modelage et Tournage.<\/span><\/p>\n<p>&nbsp;<\/p>\n<h2 style=\"text-align: center;\">Artiste<\/h2>\n<p>Sculptures en modelage en faisant appel, de temps \u00e0 autre, au tournage.<\/p>\n<p>Pi\u00e8ces de th\u00e9\u00e2tre : \u00e9criture et mise en sc\u00e8ne.<\/p>\n<p>\u00c9criture de slams int\u00e9gr\u00e9s dans les pi\u00e8ces de th\u00e9\u00e2tre.<\/p>\n<p>&nbsp;<\/p>\n<h2 style=\"text-align: center;\">Animatrice<\/h2>\n<p>Animatrice de groupes d\u2019enfants, d\u2019adolescents et d\u2019adultes en modelage et tournage en s\u00e9ances hebdomadaires.<\/p>\n<p>Animatrice de groupes d\u2019adolescents ou d\u2019adultes en th\u00e9\u00e2tre avec repr\u00e9sentations en fin d\u2019ann\u00e9e dans festivals et salles dans le secteur Matheysin.<\/p>\n<p>Animatrice poterie au sein de l\u2019association CLIPS (Centre de Lutte contre l\u2019Isolement et Pr\u00e9vention Suicide) de groupes \u00a0adultes tout au long de l\u2019ann\u00e9e.<\/p>\n<p>&nbsp;<\/p>\n<h2 style=\"text-align: center;\">Solidaire<\/h2>\n<p>Expo-vente et chapeaux des spectacles de fin d\u2019ann\u00e9e vers\u00e9s \u00e0 une association soutenant la jeunesse et\/ou la sant\u00e9.<\/p>\n<p>Ateliers o\u00f9 sont invit\u00e9s r\u00e9guli\u00e8rement les personnes ayant besoin d\u2019un moment en suspens, d\u2019un moment rien qu\u2019\u00e0 eux, d\u2019un souffle.<\/p>\n<p>Je propose de l\u2019art th\u00e9rapie et accueille des jeunes ayant besoin de faire sortir par l\u2019art et le mouvement, par le contact de la mati\u00e8re et par les couleurs, des souffrances ancr\u00e9es et difficiles \u00e0 \u00e9vacuer.<\/p>\n<p>&nbsp;<\/p>\n<h2 style=\"text-align: center;\">Un bout de mon chemin pour en arriver l\u00e0 !<\/h2>\n<p class=\"p1\"><span class=\"s1\">20 ans dans l\u2019\u00c9ducation nationale en tant que ma\u00eetresse d\u2019\u00e9cole et charg\u00e9e de direction pendant les derni\u00e8res ann\u00e9es, j\u2019ai d\u00e9missionn\u00e9 pour cr\u00e9er ma propre entreprise que je voulais manuelle, artistique et tourn\u00e9e vers le bien-\u00eatre et la libert\u00e9 cr\u00e9ative.<\/span><\/p>\n<p class=\"p1\"><span class=\"s1\">Ayant eu des ann\u00e9es de pratique en musique, en th\u00e9\u00e2tre et en danse, l\u2019art du spectacle me plait beaucoup par la force des choses. J\u2019aime aussi beaucoup marcher en moyenne montagne et profiter de la nature chaque saison. Pour moi, la famille est tr\u00e8s importante, elle est mon ultime motivation. Aussi, c\u2019est \u00e0 eux que je dois ma reconversion qui m\u2019a permis de rebondir sur une 2\u00e8me vie professionnelle. <\/span><\/p>\n<p class=\"p1\"><span class=\"s1\">J\u2019ai effectu\u00e9 une formation au tour \u00e0 Mati\u00e8re Contact \u00e0 Lyon, et suis autodidacte en modelage.<\/span><\/p>\n<p class=\"p1\"><span class=\"s1\">Ma boutique \u00e0 c\u00f4t\u00e9 de mon atelier est Install\u00e9e \u00e0 la Mure au 18 avenue des plantations depuis septembre 2019.<\/span><\/p>\n<p class=\"p1\"><span class=\"s1\">Je propose des animations hebdomadaires pour adultes, adolescents et enfants par groupe de 6. J\u2019anime aussi un groupe d\u2019adolescents, \u00ab\u00a0les L\u00e9z\u2019arts\u00a0\u00bb, dans un travail multi-artistique qui m\u00e8ne \u00e0 une repr\u00e9sentation en fin d\u2019ann\u00e9e notamment dans des festivals du secteur. Les inscriptions \u00e0 l\u2019ann\u00e9e se font en juin ou en septembre. <\/span><\/p>\n<p class=\"p1\"><span class=\"s1\">Ayant aussi fait une formation certifiante en art th\u00e9rapie, quelques enfants et jeunes sont venus et viennent chaque ann\u00e9e dans ce cadre en s\u00e9ance individuelle dans l\u2019atelier.<\/span><\/p>\n<p class=\"p1\"><span class=\"s1\">Avec mon exp\u00e9rience professionnelle dans l\u2019enseignement, j\u2019interviens assez naturellement quand les \u00e9coles me font appel sur des projets poterie \u00a0mais aussi en milieu hospitalier et EHPAD.<\/span><\/p>\n<p class=\"p1\"><span class=\"s1\">J\u2019ai aussi eu envie de fabriquer un jeu coop\u00e9ratif, comme je le faisais pour mes classes. Cela s\u2019est concr\u00e9tis\u00e9 par une chasse au tr\u00e9sor originale pour groupe autonome ou pour animation d\u2019anniversaire sur la pierre perc\u00e9e (randonn\u00e9e \u00e9nigmes, lecture de paysages, tr\u00e9sor \u00e0 d\u00e9terrer\u2026).<\/span><\/p>\n<p class=\"p1\"><span class=\"s1\">En 2021, la boutique regroupant des cr\u00e9ateurs \u00ab\u00a0Au train o\u00f9 vont les choses\u00a0\u00bb ouvre ses portes et j\u2019ai l\u2019opportunit\u00e9 de d\u00e9poser des articles avec de nombreux artisans du coin.<\/span><\/p>\n<p>D\u00e9but 2023, ne pouvant plus assurer les permanences \u00e0 la boutique des cr\u00e9ateurs du coin, je les quitte et souhaite que cette boutique prenne un bel envol.<\/p>\n<p>En 2024 et en 2025, \u00a0j\u2019ai le plaisir de travailler avec La Mure Cin\u00e9ma Th\u00e9\u00e2tre pour encadrer un stage acteur-actrice avec le groupe d\u2019ados lors d\u2019un festival et donc participer au tournage d\u2019un court m\u00e9trage avec Zo\u00e9 Cohen.<br \/>\nJ\u2019ai pu aussi faire de nombreuses s\u00e9ances \u00e0 l\u2019h\u00f4pital (unit\u00e9 d\u2019hospitalisation longue dur\u00e9e), \u00e0 l\u2019EHPAD de la Mure et notamment dans un service UPG (Unit\u00e9 ferm\u00e9e accompagnant des personnes atteintes de la maladie d\u2019Alzheimer. En 2025, ce projet a \u00e9t\u00e9 reconduit et a \u00a0\u00e9t\u00e9 encore l\u2019occasion de beaux moments de partage.<\/p>\n<p>L\u2019\u00e9t\u00e9 2024, un nouveau d\u00e9p\u00f4t de mugs, tasses et porte-cl\u00e9s s\u2019est mis en place \u00e0 Rochetaill\u00e9e, dans la ferme des bisons de mes amis Didier, Ga\u00eblle et Anna!<\/p>\n<p>L\u2019 \u00e9t\u00e9 2024 a vu se mettre en place \u00a0aussi des nouveaux stages : des stages d\u2019initiation au tournage \u00e0 l\u2019Alpe du Grand Serre pour soutenir la commune dans une transition \u00a04 saisons.<\/p>\n<p>L\u2019ann\u00e9e 2025\/2026 voit un 2 eme tour \u00e0 l\u2019atelier s\u2019installer. Le projet Th\u00e9\u00e2tre s\u2019engage cette ann\u00e9e avec un groupe compos\u00e9 de 6 adultes et une ado pour un spectacle de clowns. Il est d\u00e9j\u00e0 programm\u00e9 au festival des Montagn\u2019Arts et au festival FROC \u00e0 Cholonge!<\/p>\n<p>L\u2019atelier-boutique d\u00e9m\u00e9nagera courant 2026 dans de nouveaux locaux plus grands et une boutique qui gagnera en visibilit\u00e9 en centre ville, 1 rue des jardins toujours \u00e0 la Mure. Un projet d\u2019achat d\u2019un deuxi\u00e8me tour est envisag\u00e9 pour que le volet tournage se d\u00e9veloppe et que l\u2019on puisse tourner \u00e0 deux (c\u2019est plus sympa !).<\/p>\n<p><strong><a href=\"https:\/\/www.gresduvent.fr\/site\/wp-content\/uploads\/2022\/01\/03C6E7DE-D342-4D19-8186-564FA52B58E8.jpeg\"><br \/>\n<img loading=\"lazy\" decoding=\"async\" class=\"aligncenter size-medium wp-image-1858\" src=\"https:\/\/www.gresduvent.fr\/site\/wp-content\/uploads\/2022\/01\/03C6E7DE-D342-4D19-8186-564FA52B58E8-300x264.jpeg\" alt=\"\" width=\"300\" height=\"264\" srcset=\"https:\/\/www.gresduvent.fr\/site\/wp-content\/uploads\/2022\/01\/03C6E7DE-D342-4D19-8186-564FA52B58E8-300x264.jpeg 300w, https:\/\/www.gresduvent.fr\/site\/wp-content\/uploads\/2022\/01\/03C6E7DE-D342-4D19-8186-564FA52B58E8-1024x900.jpeg 1024w, https:\/\/www.gresduvent.fr\/site\/wp-content\/uploads\/2022\/01\/03C6E7DE-D342-4D19-8186-564FA52B58E8-768x675.jpeg 768w, https:\/\/www.gresduvent.fr\/site\/wp-content\/uploads\/2022\/01\/03C6E7DE-D342-4D19-8186-564FA52B58E8-1536x1351.jpeg 1536w, https:\/\/www.gresduvent.fr\/site\/wp-content\/uploads\/2022\/01\/03C6E7DE-D342-4D19-8186-564FA52B58E8-800x703.jpeg 800w, https:\/\/www.gresduvent.fr\/site\/wp-content\/uploads\/2022\/01\/03C6E7DE-D342-4D19-8186-564FA52B58E8-520x457.jpeg 520w, https:\/\/www.gresduvent.fr\/site\/wp-content\/uploads\/2022\/01\/03C6E7DE-D342-4D19-8186-564FA52B58E8-360x317.jpeg 360w, https:\/\/www.gresduvent.fr\/site\/wp-content\/uploads\/2022\/01\/03C6E7DE-D342-4D19-8186-564FA52B58E8-250x220.jpeg 250w, https:\/\/www.gresduvent.fr\/site\/wp-content\/uploads\/2022\/01\/03C6E7DE-D342-4D19-8186-564FA52B58E8-100x88.jpeg 100w, https:\/\/www.gresduvent.fr\/site\/wp-content\/uploads\/2022\/01\/03C6E7DE-D342-4D19-8186-564FA52B58E8.jpeg 2030w\" sizes=\"auto, (max-width: 300px) 100vw, 300px\" \/><\/a><\/strong><\/p>\n","protected":false},"excerpt":{"rendered":"<p>Rapha\u00eble Gallet Artisan Type d.objets en C\u00e9ramiques : utilitaires, bijoux, pots de fleur, d\u00e9co int\u00e9rieure ou ext\u00e9rieure. Mati\u00e8re travaill\u00e9e : le gr\u00e8s mise en couleur avec \u00e9maux et\/ou Patine Technique : Modelage et Tournage. &nbsp; Artiste Sculptures en modelage en [&hellip;]<\/p>\n","protected":false},"author":2,"featured_media":0,"parent":0,"menu_order":0,"comment_status":"closed","ping_status":"closed","template":"","meta":{"footnotes":""},"class_list":["post-1376","page","type-page","status-publish","hentry","clearfix"],"_links":{"self":[{"href":"https:\/\/www.gresduvent.fr\/site\/wp-json\/wp\/v2\/pages\/1376","targetHints":{"allow":["GET"]}}],"collection":[{"href":"https:\/\/www.gresduvent.fr\/site\/wp-json\/wp\/v2\/pages"}],"about":[{"href":"https:\/\/www.gresduvent.fr\/site\/wp-json\/wp\/v2\/types\/page"}],"author":[{"embeddable":true,"href":"https:\/\/www.gresduvent.fr\/site\/wp-json\/wp\/v2\/users\/2"}],"replies":[{"embeddable":true,"href":"https:\/\/www.gresduvent.fr\/site\/wp-json\/wp\/v2\/comments?post=1376"}],"version-history":[{"count":15,"href":"https:\/\/www.gresduvent.fr\/site\/wp-json\/wp\/v2\/pages\/1376\/revisions"}],"predecessor-version":[{"id":2810,"href":"https:\/\/www.gresduvent.fr\/site\/wp-json\/wp\/v2\/pages\/1376\/revisions\/2810"}],"wp:attachment":[{"href":"https:\/\/www.gresduvent.fr\/site\/wp-json\/wp\/v2\/media?parent=1376"}],"curies":[{"name":"wp","href":"https:\/\/api.w.org\/{rel}","templated":true}]}}