{"id":2334,"date":"2022-11-04T21:19:52","date_gmt":"2022-11-04T20:19:52","guid":{"rendered":"https:\/\/www.gresduvent.fr\/site\/?page_id=2334"},"modified":"2023-07-11T08:59:14","modified_gmt":"2023-07-11T06:59:14","slug":"lenfant-bleu","status":"publish","type":"page","link":"https:\/\/www.gresduvent.fr\/site\/lenfant-bleu\/","title":{"rendered":"L\u2019enfant bleu"},"content":{"rendered":"<p>Cette association avec des antennes d\u00e9partementales dans tout le pays lutte contre la maltraitance des enfants. Pour plus d\u2019informations sur les missions de cette association, allez sur le lien suivant :<\/p>\n<p>https:\/\/enfant bleu.org<\/p>\n<p><a href=\"https:\/\/www.gresduvent.fr\/site\/wp-content\/uploads\/2023\/07\/0B47F29C-897C-4B8A-BCB7-57E9341DE527.png\"><img loading=\"lazy\" decoding=\"async\" class=\"aligncenter size-full wp-image-2526\" src=\"https:\/\/www.gresduvent.fr\/site\/wp-content\/uploads\/2023\/07\/0B47F29C-897C-4B8A-BCB7-57E9341DE527.png\" alt=\"\" width=\"147\" height=\"147\" srcset=\"https:\/\/www.gresduvent.fr\/site\/wp-content\/uploads\/2023\/07\/0B47F29C-897C-4B8A-BCB7-57E9341DE527.png 147w, https:\/\/www.gresduvent.fr\/site\/wp-content\/uploads\/2023\/07\/0B47F29C-897C-4B8A-BCB7-57E9341DE527-100x100.png 100w\" sizes=\"auto, (max-width: 147px) 100vw, 147px\" \/><\/a><\/p>\n<p>En juin 2023, je cr\u00e9e une sculpture au profit de cette association : \u00ab Ryan et les autres \u00bb en gr\u00e8s chamott\u00e9 blanc, \u00e9maill\u00e9 et patin\u00e9. Elle est achet\u00e9e par le studio \u00ab Les petits pas dans les grands \u00bb de la Mure. Merci !!!!<\/p>\n<p>Fin juin, l\u2019exposition de fin d\u2019ann\u00e9e de l\u2019atelier regroupe des cr\u00e9ations de tous les participants r\u00e9guliers. Certaines sont mis en vente et nous r\u00e9coltons en tout avec la vente de la sculpture cit\u00e9e ci-dessus plus de 630\u20ac !<\/p>\n<p>Lors de la soir\u00e9e, nous avons le plaisir de recevoir Regis Deschamps, pr\u00e9sident de l\u2019antenne Isere de \u00ab L\u2019enfant bleu \u00bb et il nous fait une pr\u00e9sentation de ses actions et missions au quotidien.<\/p>\n<p>&nbsp;<\/p>\n<h1 style=\"text-align: center;\">\u00a0\u00ab Ryan et les autres \u00bb<\/h1>\n<div data-carousel-extra='{\"blog_id\":1,\"permalink\":\"https:\\\/\\\/www.gresduvent.fr\\\/site\\\/lenfant-bleu\\\/\",\"likes_blog_id\":false}' class=\"tiled-gallery type-square tiled-gallery-unresized\" data-original-width=\"800\"><div class=\"tiled-gallery-item\"><a border=\"0\" href=\"https:\/\/www.gresduvent.fr\/site\/wp-content\/uploads\/2023\/07\/AA6119C4-D8A1-4EE5-9FA6-E46C60CA4DC2-scaled.jpeg\"><img decoding=\"async\" data-attachment-id=\"2515\" data-orig-file=\"https:\/\/www.gresduvent.fr\/site\/wp-content\/uploads\/2023\/07\/AA6119C4-D8A1-4EE5-9FA6-E46C60CA4DC2-scaled.jpeg\" data-orig-size=\"1920,2560\" data-comments-opened=\"0\" data-image-meta=\"{&quot;aperture&quot;:&quot;0&quot;,&quot;credit&quot;:&quot;&quot;,&quot;camera&quot;:&quot;&quot;,&quot;caption&quot;:&quot;&quot;,&quot;created_timestamp&quot;:&quot;0&quot;,&quot;copyright&quot;:&quot;&quot;,&quot;focal_length&quot;:&quot;0&quot;,&quot;iso&quot;:&quot;0&quot;,&quot;shutter_speed&quot;:&quot;0&quot;,&quot;title&quot;:&quot;&quot;,&quot;orientation&quot;:&quot;1&quot;,&quot;keywords&quot;:&quot;Array&quot;}\" data-image-title=\"AA6119C4-D8A1-4EE5-9FA6-E46C60CA4DC2\" data-image-description=\"\" data-medium-file=\"https:\/\/www.gresduvent.fr\/site\/wp-content\/uploads\/2023\/07\/AA6119C4-D8A1-4EE5-9FA6-E46C60CA4DC2-225x300.jpeg\" data-large-file=\"https:\/\/www.gresduvent.fr\/site\/wp-content\/uploads\/2023\/07\/AA6119C4-D8A1-4EE5-9FA6-E46C60CA4DC2-768x1024.jpeg\" style=\"margin: 2px\" src=\"https:\/\/www.gresduvent.fr\/site\/wp-content\/uploads\/2023\/07\/AA6119C4-D8A1-4EE5-9FA6-E46C60CA4DC2-scaled.jpeg?w=794&#038;h=794&#038;crop=1\" width=794 height=794 title=\"AA6119C4-D8A1-4EE5-9FA6-E46C60CA4DC2\" \/><\/a><\/div><div class=\"tiled-gallery-item\"><a border=\"0\" href=\"https:\/\/www.gresduvent.fr\/site\/wp-content\/uploads\/2023\/07\/87ECE880-D8B3-4FEC-8F40-65CDC36DE5EB-scaled.jpeg\"><img decoding=\"async\" data-attachment-id=\"2516\" data-orig-file=\"https:\/\/www.gresduvent.fr\/site\/wp-content\/uploads\/2023\/07\/87ECE880-D8B3-4FEC-8F40-65CDC36DE5EB-scaled.jpeg\" data-orig-size=\"1920,2560\" data-comments-opened=\"0\" data-image-meta=\"{&quot;aperture&quot;:&quot;0&quot;,&quot;credit&quot;:&quot;&quot;,&quot;camera&quot;:&quot;&quot;,&quot;caption&quot;:&quot;&quot;,&quot;created_timestamp&quot;:&quot;0&quot;,&quot;copyright&quot;:&quot;&quot;,&quot;focal_length&quot;:&quot;0&quot;,&quot;iso&quot;:&quot;0&quot;,&quot;shutter_speed&quot;:&quot;0&quot;,&quot;title&quot;:&quot;&quot;,&quot;orientation&quot;:&quot;1&quot;,&quot;keywords&quot;:&quot;Array&quot;}\" data-image-title=\"87ECE880-D8B3-4FEC-8F40-65CDC36DE5EB\" data-image-description=\"\" data-medium-file=\"https:\/\/www.gresduvent.fr\/site\/wp-content\/uploads\/2023\/07\/87ECE880-D8B3-4FEC-8F40-65CDC36DE5EB-225x300.jpeg\" data-large-file=\"https:\/\/www.gresduvent.fr\/site\/wp-content\/uploads\/2023\/07\/87ECE880-D8B3-4FEC-8F40-65CDC36DE5EB-768x1024.jpeg\" style=\"margin: 2px\" src=\"https:\/\/www.gresduvent.fr\/site\/wp-content\/uploads\/2023\/07\/87ECE880-D8B3-4FEC-8F40-65CDC36DE5EB-scaled.jpeg?w=262&#038;h=262&#038;crop=1\" width=262 height=262 title=\"87ECE880-D8B3-4FEC-8F40-65CDC36DE5EB\" \/><\/a><\/div><div class=\"tiled-gallery-item\"><a border=\"0\" href=\"https:\/\/www.gresduvent.fr\/site\/wp-content\/uploads\/2023\/07\/807FA5FA-191C-4D70-9080-16B539B4076D-scaled.jpeg\"><img decoding=\"async\" data-attachment-id=\"2517\" data-orig-file=\"https:\/\/www.gresduvent.fr\/site\/wp-content\/uploads\/2023\/07\/807FA5FA-191C-4D70-9080-16B539B4076D-scaled.jpeg\" data-orig-size=\"1920,2560\" data-comments-opened=\"0\" data-image-meta=\"{&quot;aperture&quot;:&quot;0&quot;,&quot;credit&quot;:&quot;&quot;,&quot;camera&quot;:&quot;&quot;,&quot;caption&quot;:&quot;&quot;,&quot;created_timestamp&quot;:&quot;0&quot;,&quot;copyright&quot;:&quot;&quot;,&quot;focal_length&quot;:&quot;0&quot;,&quot;iso&quot;:&quot;0&quot;,&quot;shutter_speed&quot;:&quot;0&quot;,&quot;title&quot;:&quot;&quot;,&quot;orientation&quot;:&quot;1&quot;,&quot;keywords&quot;:&quot;Array&quot;}\" data-image-title=\"807FA5FA-191C-4D70-9080-16B539B4076D\" data-image-description=\"\" data-medium-file=\"https:\/\/www.gresduvent.fr\/site\/wp-content\/uploads\/2023\/07\/807FA5FA-191C-4D70-9080-16B539B4076D-225x300.jpeg\" data-large-file=\"https:\/\/www.gresduvent.fr\/site\/wp-content\/uploads\/2023\/07\/807FA5FA-191C-4D70-9080-16B539B4076D-768x1024.jpeg\" style=\"margin: 2px\" src=\"https:\/\/www.gresduvent.fr\/site\/wp-content\/uploads\/2023\/07\/807FA5FA-191C-4D70-9080-16B539B4076D-scaled.jpeg?w=262&#038;h=262&#038;crop=1\" width=262 height=262 title=\"807FA5FA-191C-4D70-9080-16B539B4076D\" \/><\/a><\/div><div class=\"tiled-gallery-item\"><a border=\"0\" href=\"https:\/\/www.gresduvent.fr\/site\/wp-content\/uploads\/2023\/07\/212E4523-3973-439F-B820-95DCED0940C8-scaled.jpeg\"><img decoding=\"async\" data-attachment-id=\"2519\" data-orig-file=\"https:\/\/www.gresduvent.fr\/site\/wp-content\/uploads\/2023\/07\/212E4523-3973-439F-B820-95DCED0940C8-scaled.jpeg\" data-orig-size=\"1920,2560\" data-comments-opened=\"0\" data-image-meta=\"{&quot;aperture&quot;:&quot;0&quot;,&quot;credit&quot;:&quot;&quot;,&quot;camera&quot;:&quot;&quot;,&quot;caption&quot;:&quot;&quot;,&quot;created_timestamp&quot;:&quot;0&quot;,&quot;copyright&quot;:&quot;&quot;,&quot;focal_length&quot;:&quot;0&quot;,&quot;iso&quot;:&quot;0&quot;,&quot;shutter_speed&quot;:&quot;0&quot;,&quot;title&quot;:&quot;&quot;,&quot;orientation&quot;:&quot;1&quot;,&quot;keywords&quot;:&quot;Array&quot;}\" data-image-title=\"212E4523-3973-439F-B820-95DCED0940C8\" data-image-description=\"\" data-medium-file=\"https:\/\/www.gresduvent.fr\/site\/wp-content\/uploads\/2023\/07\/212E4523-3973-439F-B820-95DCED0940C8-225x300.jpeg\" data-large-file=\"https:\/\/www.gresduvent.fr\/site\/wp-content\/uploads\/2023\/07\/212E4523-3973-439F-B820-95DCED0940C8-768x1024.jpeg\" style=\"margin: 2px\" src=\"https:\/\/www.gresduvent.fr\/site\/wp-content\/uploads\/2023\/07\/212E4523-3973-439F-B820-95DCED0940C8-scaled.jpeg?w=262&#038;h=262&#038;crop=1\" width=262 height=262 title=\"212E4523-3973-439F-B820-95DCED0940C8\" \/><\/a><\/div><div class=\"tiled-gallery-item\"><a border=\"0\" href=\"https:\/\/www.gresduvent.fr\/site\/wp-content\/uploads\/2023\/07\/9634AC4A-8E72-40D6-99AD-ED18BFE45EA6-scaled.jpeg\"><img decoding=\"async\" data-attachment-id=\"2520\" data-orig-file=\"https:\/\/www.gresduvent.fr\/site\/wp-content\/uploads\/2023\/07\/9634AC4A-8E72-40D6-99AD-ED18BFE45EA6-scaled.jpeg\" data-orig-size=\"1920,2560\" data-comments-opened=\"0\" data-image-meta=\"{&quot;aperture&quot;:&quot;0&quot;,&quot;credit&quot;:&quot;&quot;,&quot;camera&quot;:&quot;&quot;,&quot;caption&quot;:&quot;&quot;,&quot;created_timestamp&quot;:&quot;0&quot;,&quot;copyright&quot;:&quot;&quot;,&quot;focal_length&quot;:&quot;0&quot;,&quot;iso&quot;:&quot;0&quot;,&quot;shutter_speed&quot;:&quot;0&quot;,&quot;title&quot;:&quot;&quot;,&quot;orientation&quot;:&quot;1&quot;,&quot;keywords&quot;:&quot;Array&quot;}\" data-image-title=\"9634AC4A-8E72-40D6-99AD-ED18BFE45EA6\" data-image-description=\"\" data-medium-file=\"https:\/\/www.gresduvent.fr\/site\/wp-content\/uploads\/2023\/07\/9634AC4A-8E72-40D6-99AD-ED18BFE45EA6-225x300.jpeg\" data-large-file=\"https:\/\/www.gresduvent.fr\/site\/wp-content\/uploads\/2023\/07\/9634AC4A-8E72-40D6-99AD-ED18BFE45EA6-768x1024.jpeg\" style=\"margin: 2px\" src=\"https:\/\/www.gresduvent.fr\/site\/wp-content\/uploads\/2023\/07\/9634AC4A-8E72-40D6-99AD-ED18BFE45EA6-scaled.jpeg?w=262&#038;h=262&#038;crop=1\" width=262 height=262 title=\"9634AC4A-8E72-40D6-99AD-ED18BFE45EA6\" \/><\/a><\/div><div class=\"tiled-gallery-item\"><a border=\"0\" href=\"https:\/\/www.gresduvent.fr\/site\/wp-content\/uploads\/2023\/07\/0B16071A-2F19-48AF-8D80-C66F539BB592-scaled.jpeg\"><img decoding=\"async\" data-attachment-id=\"2521\" data-orig-file=\"https:\/\/www.gresduvent.fr\/site\/wp-content\/uploads\/2023\/07\/0B16071A-2F19-48AF-8D80-C66F539BB592-scaled.jpeg\" data-orig-size=\"1920,2560\" data-comments-opened=\"0\" data-image-meta=\"{&quot;aperture&quot;:&quot;0&quot;,&quot;credit&quot;:&quot;&quot;,&quot;camera&quot;:&quot;&quot;,&quot;caption&quot;:&quot;&quot;,&quot;created_timestamp&quot;:&quot;0&quot;,&quot;copyright&quot;:&quot;&quot;,&quot;focal_length&quot;:&quot;0&quot;,&quot;iso&quot;:&quot;0&quot;,&quot;shutter_speed&quot;:&quot;0&quot;,&quot;title&quot;:&quot;&quot;,&quot;orientation&quot;:&quot;1&quot;,&quot;keywords&quot;:&quot;Array&quot;}\" data-image-title=\"0B16071A-2F19-48AF-8D80-C66F539BB592\" data-image-description=\"\" data-medium-file=\"https:\/\/www.gresduvent.fr\/site\/wp-content\/uploads\/2023\/07\/0B16071A-2F19-48AF-8D80-C66F539BB592-225x300.jpeg\" data-large-file=\"https:\/\/www.gresduvent.fr\/site\/wp-content\/uploads\/2023\/07\/0B16071A-2F19-48AF-8D80-C66F539BB592-768x1024.jpeg\" style=\"margin: 2px\" src=\"https:\/\/www.gresduvent.fr\/site\/wp-content\/uploads\/2023\/07\/0B16071A-2F19-48AF-8D80-C66F539BB592-scaled.jpeg?w=262&#038;h=262&#038;crop=1\" width=262 height=262 title=\"0B16071A-2F19-48AF-8D80-C66F539BB592\" \/><\/a><\/div><div class=\"tiled-gallery-item\"><a border=\"0\" href=\"https:\/\/www.gresduvent.fr\/site\/wp-content\/uploads\/2023\/07\/06E8701A-D22B-4368-982C-8C4C52F68E12-scaled.jpeg\"><img decoding=\"async\" data-attachment-id=\"2522\" data-orig-file=\"https:\/\/www.gresduvent.fr\/site\/wp-content\/uploads\/2023\/07\/06E8701A-D22B-4368-982C-8C4C52F68E12-scaled.jpeg\" data-orig-size=\"1920,2560\" data-comments-opened=\"0\" data-image-meta=\"{&quot;aperture&quot;:&quot;0&quot;,&quot;credit&quot;:&quot;&quot;,&quot;camera&quot;:&quot;&quot;,&quot;caption&quot;:&quot;&quot;,&quot;created_timestamp&quot;:&quot;0&quot;,&quot;copyright&quot;:&quot;&quot;,&quot;focal_length&quot;:&quot;0&quot;,&quot;iso&quot;:&quot;0&quot;,&quot;shutter_speed&quot;:&quot;0&quot;,&quot;title&quot;:&quot;&quot;,&quot;orientation&quot;:&quot;1&quot;,&quot;keywords&quot;:&quot;Array&quot;}\" data-image-title=\"06E8701A-D22B-4368-982C-8C4C52F68E12\" data-image-description=\"\" data-medium-file=\"https:\/\/www.gresduvent.fr\/site\/wp-content\/uploads\/2023\/07\/06E8701A-D22B-4368-982C-8C4C52F68E12-225x300.jpeg\" data-large-file=\"https:\/\/www.gresduvent.fr\/site\/wp-content\/uploads\/2023\/07\/06E8701A-D22B-4368-982C-8C4C52F68E12-768x1024.jpeg\" style=\"margin: 2px\" src=\"https:\/\/www.gresduvent.fr\/site\/wp-content\/uploads\/2023\/07\/06E8701A-D22B-4368-982C-8C4C52F68E12-scaled.jpeg?w=262&#038;h=262&#038;crop=1\" width=262 height=262 title=\"06E8701A-D22B-4368-982C-8C4C52F68E12\" \/><\/a><\/div><\/div>\n","protected":false},"excerpt":{"rendered":"<p>Cette association avec des antennes d\u00e9partementales dans tout le pays lutte contre la maltraitance des enfants. Pour plus d\u2019informations sur les missions de cette association, allez sur le lien suivant : https:\/\/enfant bleu.org En juin 2023, je cr\u00e9e une sculpture [&hellip;]<\/p>\n","protected":false},"author":2,"featured_media":0,"parent":0,"menu_order":0,"comment_status":"closed","ping_status":"closed","template":"","meta":{"footnotes":""},"class_list":["post-2334","page","type-page","status-publish","hentry","clearfix"],"_links":{"self":[{"href":"https:\/\/www.gresduvent.fr\/site\/wp-json\/wp\/v2\/pages\/2334","targetHints":{"allow":["GET"]}}],"collection":[{"href":"https:\/\/www.gresduvent.fr\/site\/wp-json\/wp\/v2\/pages"}],"about":[{"href":"https:\/\/www.gresduvent.fr\/site\/wp-json\/wp\/v2\/types\/page"}],"author":[{"embeddable":true,"href":"https:\/\/www.gresduvent.fr\/site\/wp-json\/wp\/v2\/users\/2"}],"replies":[{"embeddable":true,"href":"https:\/\/www.gresduvent.fr\/site\/wp-json\/wp\/v2\/comments?post=2334"}],"version-history":[{"count":8,"href":"https:\/\/www.gresduvent.fr\/site\/wp-json\/wp\/v2\/pages\/2334\/revisions"}],"predecessor-version":[{"id":2531,"href":"https:\/\/www.gresduvent.fr\/site\/wp-json\/wp\/v2\/pages\/2334\/revisions\/2531"}],"wp:attachment":[{"href":"https:\/\/www.gresduvent.fr\/site\/wp-json\/wp\/v2\/media?parent=2334"}],"curies":[{"name":"wp","href":"https:\/\/api.w.org\/{rel}","templated":true}]}}