{"id":2687,"date":"2025-06-01T20:11:01","date_gmt":"2025-06-01T18:11:01","guid":{"rendered":"https:\/\/www.gresduvent.fr\/site\/?page_id=2687"},"modified":"2025-06-01T20:23:10","modified_gmt":"2025-06-01T18:23:10","slug":"jeux-rigole-ludotheque","status":"publish","type":"page","link":"https:\/\/www.gresduvent.fr\/site\/jeux-rigole-ludotheque\/","title":{"rendered":"Jeux Rigole, ludoth\u00e8que"},"content":{"rendered":"<p style=\"text-align: left;\"><img loading=\"lazy\" decoding=\"async\" class=\"aligncenter size-full wp-image-2691\" src=\"https:\/\/www.gresduvent.fr\/site\/wp-content\/uploads\/2025\/06\/4248EA6A-B789-4FE3-9918-B1B5B26ABF6F.png\" alt=\"\" width=\"292\" height=\"200\" srcset=\"https:\/\/www.gresduvent.fr\/site\/wp-content\/uploads\/2025\/06\/4248EA6A-B789-4FE3-9918-B1B5B26ABF6F.png 292w, https:\/\/www.gresduvent.fr\/site\/wp-content\/uploads\/2025\/06\/4248EA6A-B789-4FE3-9918-B1B5B26ABF6F-250x171.png 250w, https:\/\/www.gresduvent.fr\/site\/wp-content\/uploads\/2025\/06\/4248EA6A-B789-4FE3-9918-B1B5B26ABF6F-100x68.png 100w\" sizes=\"auto, (max-width: 292px) 100vw, 292px\" \/><\/p>\n<p>Jeux Rigole est une association qui propose de louer des jeux et qui anime des moments de jeux de fa\u00e7ons hebdomadaires sur le territoire Matheysine et de fa\u00e7ons ponctuelles dans diff\u00e9rents \u00e9v\u00e9nements qui les demandent.<\/p>\n<p>L\u2019\u00e9ducation populaire par le jeu est une facette importante de l\u2019\u00e9ducation de la jeunesse et du ciment social entre les hommes. Il me paraissait indispensable de soutenir cette association pour les mettre en valeur au cours de nos diff\u00e9rentes manifestations de fin d\u2019ann\u00e9e : spectacle \u00ab Allez Mathis ! \u00bb le 20 juin 2025 au Beaumonde et expo-vente \u00e0 Cognet le 25 juin. L\u2019int\u00e9gralit\u00e9 du chapeau et des ventes de c\u00e9ramiques sera revers\u00e9e \u00e0 Jeux Rigole.<\/p>\n<p>Des nouvelles des sommes r\u00e9colt\u00e9es tout bient\u00f4t donc !<\/p>\n","protected":false},"excerpt":{"rendered":"<p>Jeux Rigole est une association qui propose de louer des jeux et qui anime des moments de jeux de fa\u00e7ons hebdomadaires sur le territoire Matheysine et de fa\u00e7ons ponctuelles dans diff\u00e9rents \u00e9v\u00e9nements qui les demandent. L\u2019\u00e9ducation populaire par le jeu [&hellip;]<\/p>\n","protected":false},"author":2,"featured_media":0,"parent":0,"menu_order":0,"comment_status":"closed","ping_status":"closed","template":"","meta":{"footnotes":""},"class_list":["post-2687","page","type-page","status-publish","hentry","clearfix"],"_links":{"self":[{"href":"https:\/\/www.gresduvent.fr\/site\/wp-json\/wp\/v2\/pages\/2687","targetHints":{"allow":["GET"]}}],"collection":[{"href":"https:\/\/www.gresduvent.fr\/site\/wp-json\/wp\/v2\/pages"}],"about":[{"href":"https:\/\/www.gresduvent.fr\/site\/wp-json\/wp\/v2\/types\/page"}],"author":[{"embeddable":true,"href":"https:\/\/www.gresduvent.fr\/site\/wp-json\/wp\/v2\/users\/2"}],"replies":[{"embeddable":true,"href":"https:\/\/www.gresduvent.fr\/site\/wp-json\/wp\/v2\/comments?post=2687"}],"version-history":[{"count":3,"href":"https:\/\/www.gresduvent.fr\/site\/wp-json\/wp\/v2\/pages\/2687\/revisions"}],"predecessor-version":[{"id":2704,"href":"https:\/\/www.gresduvent.fr\/site\/wp-json\/wp\/v2\/pages\/2687\/revisions\/2704"}],"wp:attachment":[{"href":"https:\/\/www.gresduvent.fr\/site\/wp-json\/wp\/v2\/media?parent=2687"}],"curies":[{"name":"wp","href":"https:\/\/api.w.org\/{rel}","templated":true}]}}