{"id":356,"date":"2019-08-06T16:45:22","date_gmt":"2019-08-06T14:45:22","guid":{"rendered":"https:\/\/www.gresduvent.fr\/site\/?page_id=356"},"modified":"2020-01-16T17:27:35","modified_gmt":"2020-01-16T16:27:35","slug":"locaux-et-fonctionnement","status":"publish","type":"page","link":"https:\/\/www.gresduvent.fr\/site\/locaux-et-fonctionnement\/","title":{"rendered":"Locaux et fonctionnement"},"content":{"rendered":"<p>&nbsp;<\/p>\n<p><strong>Les locaux<\/strong> de \u00ab\u00a0Au Gr\u00e8s du Vent\u00a0\u00bb vous accueillent<\/p>\n<div data-carousel-extra='{\"blog_id\":1,\"permalink\":\"https:\\\/\\\/www.gresduvent.fr\\\/site\\\/locaux-et-fonctionnement\\\/\",\"likes_blog_id\":false}' class=\"tiled-gallery type-rectangular tiled-gallery-unresized\" data-original-width=\"800\"><div class=\"gallery-row\" style=\"width: 795px; height: 590px;\"><div class=\"gallery-group images-1\" style=\"width: 398px; height: 594px;\"><div class=\"tiled-gallery-item tiled-gallery-item-large\"><a href=\"https:\/\/www.gresduvent.fr\/site\/wp-content\/uploads\/2019\/09\/DSC_0477.jpg\"><img loading=\"lazy\" decoding=\"async\" data-attachment-id=\"804\" data-orig-file=\"https:\/\/www.gresduvent.fr\/site\/wp-content\/uploads\/2019\/09\/DSC_0477.jpg\" data-orig-size=\"4000,6000\" data-comments-opened=\"0\" data-image-meta=\"{&quot;aperture&quot;:&quot;0&quot;,&quot;credit&quot;:&quot;&quot;,&quot;camera&quot;:&quot;&quot;,&quot;caption&quot;:&quot;&quot;,&quot;created_timestamp&quot;:&quot;0&quot;,&quot;copyright&quot;:&quot;&quot;,&quot;focal_length&quot;:&quot;0&quot;,&quot;iso&quot;:&quot;0&quot;,&quot;shutter_speed&quot;:&quot;0&quot;,&quot;title&quot;:&quot;&quot;,&quot;orientation&quot;:&quot;0&quot;,&quot;keywords&quot;:&quot;Array&quot;}\" data-image-title=\"DSC_0477\" data-image-description=\"\" data-medium-file=\"https:\/\/www.gresduvent.fr\/site\/wp-content\/uploads\/2019\/09\/DSC_0477-200x300.jpg\" data-large-file=\"https:\/\/www.gresduvent.fr\/site\/wp-content\/uploads\/2019\/09\/DSC_0477-683x1024.jpg\" src=\"https:\/\/www.gresduvent.fr\/site\/wp-content\/uploads\/2019\/09\/DSC_0477.jpg?w=394&#038;h=590\" width=\"394\" height=\"590\" align=\"left\" title=\"DSC_0477\" \/><\/a><\/div><\/div><div class=\"gallery-group images-1\" style=\"width: 397px; height: 594px;\"><div class=\"tiled-gallery-item tiled-gallery-item-large\"><a href=\"https:\/\/www.gresduvent.fr\/site\/wp-content\/uploads\/2019\/09\/DSC_0476.jpg\"><img loading=\"lazy\" decoding=\"async\" data-attachment-id=\"805\" data-orig-file=\"https:\/\/www.gresduvent.fr\/site\/wp-content\/uploads\/2019\/09\/DSC_0476.jpg\" data-orig-size=\"4000,6000\" data-comments-opened=\"0\" data-image-meta=\"{&quot;aperture&quot;:&quot;0&quot;,&quot;credit&quot;:&quot;&quot;,&quot;camera&quot;:&quot;&quot;,&quot;caption&quot;:&quot;&quot;,&quot;created_timestamp&quot;:&quot;0&quot;,&quot;copyright&quot;:&quot;&quot;,&quot;focal_length&quot;:&quot;0&quot;,&quot;iso&quot;:&quot;0&quot;,&quot;shutter_speed&quot;:&quot;0&quot;,&quot;title&quot;:&quot;&quot;,&quot;orientation&quot;:&quot;0&quot;,&quot;keywords&quot;:&quot;Array&quot;}\" data-image-title=\"DSC_0476\" data-image-description=\"\" data-medium-file=\"https:\/\/www.gresduvent.fr\/site\/wp-content\/uploads\/2019\/09\/DSC_0476-200x300.jpg\" data-large-file=\"https:\/\/www.gresduvent.fr\/site\/wp-content\/uploads\/2019\/09\/DSC_0476-683x1024.jpg\" src=\"https:\/\/www.gresduvent.fr\/site\/wp-content\/uploads\/2019\/09\/DSC_0476.jpg?w=393&#038;h=590\" width=\"393\" height=\"590\" align=\"left\" title=\"DSC_0476\" \/><\/a><\/div><\/div><\/div><\/div>\n<p>&#8211; pour le plaisir des yeux, juste<\/p>\n<p>regarder\u00a0les poteries;<br \/>\n&#8211; pour discuter de vos go\u00fbts artistiques, , de poterie, de terres, d&#8217;\u00e9maux, de la pluie, du beau temps et de la vie en g\u00e9n\u00e9ral\u00a0;<br \/>\n&#8211; pour cr\u00e9er en animation enfant-ado-adulte-mixte tout au long de l&#8217;ann\u00e9e\u00a0ou en stage poterie de 1 \u00e0 3 jours;<br \/>\n&#8211; pour trouver et acheter un cadeau\u00a0 ou se faire plaisir;<br \/>\n&#8211; pour commander une pi\u00e8ce vue sur le site avec des modifications personnelles possibles.<br \/>\n&#8211; pour partir en randonn\u00e9e entre amis ou en famille en achetant un jeu \u00ab MysTerre\u00a0\u00bb.<\/p>\n<p>Une partie \u00ab\u00a0magasin-vitrine\u00a0\u00bb o\u00f9 je travaille la sculpture et le tour toute la journ\u00e9e , ouverte sur une autre partie \u00ab\u00a0animation\u00a0\u00bb avec une grande table de travail et tous les outils indispensables pour le modelage.<\/p>\n<p><strong>En animation<\/strong>, nous avons 1h et quart devant nous pour commencer ou continuer un projet de sculpture-modelage. Sur une grande table, par groupe de 6 au plus, avec chacun les outils n\u00e9cessaires, vous pourrez go\u00fbter au bonheur du toucher de la terre et apprendre les diff\u00e9rentes techniques pour sculpter mais aussi faire des bo\u00eetes, des bols, des vases et autres r\u00e9cipients. Vous d\u00e9couvrirez les vertus apaisantes de cette activit\u00e9 qui vide la t\u00eate et qui vous fera ressortir calme et serein(e). Suivant les groupes et les envies, partage de musiques, silence concentr\u00e9 ou bavardages seront les bienvenus !<\/p>\n<div data-carousel-extra='{\"blog_id\":1,\"permalink\":\"https:\\\/\\\/www.gresduvent.fr\\\/site\\\/locaux-et-fonctionnement\\\/\",\"likes_blog_id\":false}' class=\"tiled-gallery type-rectangular tiled-gallery-unresized\" data-original-width=\"800\"><div class=\"gallery-row\" style=\"width: 795px; height: 342px;\"><div class=\"gallery-group images-1\" style=\"width: 516px; height: 346px;\"><div class=\"tiled-gallery-item tiled-gallery-item-large\"><a href=\"https:\/\/www.gresduvent.fr\/site\/wp-content\/uploads\/2020\/01\/DSC_0672-scaled.jpg\"><img loading=\"lazy\" decoding=\"async\" data-attachment-id=\"1028\" data-orig-file=\"https:\/\/www.gresduvent.fr\/site\/wp-content\/uploads\/2020\/01\/DSC_0672-scaled.jpg\" data-orig-size=\"2560,1707\" data-comments-opened=\"0\" data-image-meta=\"{&quot;aperture&quot;:&quot;0&quot;,&quot;credit&quot;:&quot;&quot;,&quot;camera&quot;:&quot;&quot;,&quot;caption&quot;:&quot;&quot;,&quot;created_timestamp&quot;:&quot;0&quot;,&quot;copyright&quot;:&quot;&quot;,&quot;focal_length&quot;:&quot;0&quot;,&quot;iso&quot;:&quot;0&quot;,&quot;shutter_speed&quot;:&quot;0&quot;,&quot;title&quot;:&quot;&quot;,&quot;orientation&quot;:&quot;0&quot;,&quot;keywords&quot;:&quot;Array&quot;}\" data-image-title=\"DSC_0672\" data-image-description=\"\" data-medium-file=\"https:\/\/www.gresduvent.fr\/site\/wp-content\/uploads\/2020\/01\/DSC_0672-300x200.jpg\" data-large-file=\"https:\/\/www.gresduvent.fr\/site\/wp-content\/uploads\/2020\/01\/DSC_0672-1024x683.jpg\" src=\"https:\/\/www.gresduvent.fr\/site\/wp-content\/uploads\/2020\/01\/DSC_0672-scaled.jpg?w=512&#038;h=342\" width=\"512\" height=\"342\" align=\"left\" title=\"DSC_0672\" \/><\/a><\/div><\/div><div class=\"gallery-group images-2\" style=\"width: 279px; height: 346px;\"><div class=\"tiled-gallery-item tiled-gallery-item-large\"><a href=\"https:\/\/www.gresduvent.fr\/site\/wp-content\/uploads\/2020\/01\/20191220_175024.jpg\"><img loading=\"lazy\" decoding=\"async\" data-attachment-id=\"1021\" data-orig-file=\"https:\/\/www.gresduvent.fr\/site\/wp-content\/uploads\/2020\/01\/20191220_175024.jpg\" data-orig-size=\"1280,720\" data-comments-opened=\"0\" data-image-meta=\"{&quot;aperture&quot;:&quot;0&quot;,&quot;credit&quot;:&quot;&quot;,&quot;camera&quot;:&quot;&quot;,&quot;caption&quot;:&quot;&quot;,&quot;created_timestamp&quot;:&quot;0&quot;,&quot;copyright&quot;:&quot;&quot;,&quot;focal_length&quot;:&quot;0&quot;,&quot;iso&quot;:&quot;0&quot;,&quot;shutter_speed&quot;:&quot;0&quot;,&quot;title&quot;:&quot;&quot;,&quot;orientation&quot;:&quot;0&quot;,&quot;keywords&quot;:&quot;Array&quot;}\" data-image-title=\"20191220_175024\" data-image-description=\"\" data-medium-file=\"https:\/\/www.gresduvent.fr\/site\/wp-content\/uploads\/2020\/01\/20191220_175024-300x169.jpg\" data-large-file=\"https:\/\/www.gresduvent.fr\/site\/wp-content\/uploads\/2020\/01\/20191220_175024-1024x576.jpg\" src=\"https:\/\/www.gresduvent.fr\/site\/wp-content\/uploads\/2020\/01\/20191220_175024.jpg?w=275&#038;h=155\" width=\"275\" height=\"155\" align=\"left\" title=\"20191220_175024\" \/><\/a><\/div><div class=\"tiled-gallery-item tiled-gallery-item-large\"><a href=\"https:\/\/www.gresduvent.fr\/site\/wp-content\/uploads\/2020\/01\/DSC_0671-scaled.jpg\"><img loading=\"lazy\" decoding=\"async\" data-attachment-id=\"1029\" data-orig-file=\"https:\/\/www.gresduvent.fr\/site\/wp-content\/uploads\/2020\/01\/DSC_0671-scaled.jpg\" data-orig-size=\"2560,1707\" data-comments-opened=\"0\" data-image-meta=\"{&quot;aperture&quot;:&quot;0&quot;,&quot;credit&quot;:&quot;&quot;,&quot;camera&quot;:&quot;&quot;,&quot;caption&quot;:&quot;&quot;,&quot;created_timestamp&quot;:&quot;0&quot;,&quot;copyright&quot;:&quot;&quot;,&quot;focal_length&quot;:&quot;0&quot;,&quot;iso&quot;:&quot;0&quot;,&quot;shutter_speed&quot;:&quot;0&quot;,&quot;title&quot;:&quot;&quot;,&quot;orientation&quot;:&quot;0&quot;,&quot;keywords&quot;:&quot;Array&quot;}\" data-image-title=\"DSC_0671\" data-image-description=\"\" data-medium-file=\"https:\/\/www.gresduvent.fr\/site\/wp-content\/uploads\/2020\/01\/DSC_0671-300x200.jpg\" data-large-file=\"https:\/\/www.gresduvent.fr\/site\/wp-content\/uploads\/2020\/01\/DSC_0671-1024x683.jpg\" src=\"https:\/\/www.gresduvent.fr\/site\/wp-content\/uploads\/2020\/01\/DSC_0671-scaled.jpg?w=275&#038;h=183\" width=\"275\" height=\"183\" align=\"left\" title=\"DSC_0671\" \/><\/a><\/div><\/div><\/div><div class=\"gallery-row\" style=\"width: 795px; height: 350px;\"><div class=\"gallery-group images-1\" style=\"width: 529px; height: 354px;\"><div class=\"tiled-gallery-item tiled-gallery-item-large\"><a href=\"https:\/\/www.gresduvent.fr\/site\/wp-content\/uploads\/2020\/01\/DSC_0670-scaled.jpg\"><img loading=\"lazy\" decoding=\"async\" data-attachment-id=\"1030\" data-orig-file=\"https:\/\/www.gresduvent.fr\/site\/wp-content\/uploads\/2020\/01\/DSC_0670-scaled.jpg\" data-orig-size=\"2560,1707\" data-comments-opened=\"0\" data-image-meta=\"{&quot;aperture&quot;:&quot;0&quot;,&quot;credit&quot;:&quot;&quot;,&quot;camera&quot;:&quot;&quot;,&quot;caption&quot;:&quot;&quot;,&quot;created_timestamp&quot;:&quot;0&quot;,&quot;copyright&quot;:&quot;&quot;,&quot;focal_length&quot;:&quot;0&quot;,&quot;iso&quot;:&quot;0&quot;,&quot;shutter_speed&quot;:&quot;0&quot;,&quot;title&quot;:&quot;&quot;,&quot;orientation&quot;:&quot;0&quot;,&quot;keywords&quot;:&quot;Array&quot;}\" data-image-title=\"DSC_0670\" data-image-description=\"\" data-medium-file=\"https:\/\/www.gresduvent.fr\/site\/wp-content\/uploads\/2020\/01\/DSC_0670-300x200.jpg\" data-large-file=\"https:\/\/www.gresduvent.fr\/site\/wp-content\/uploads\/2020\/01\/DSC_0670-1024x683.jpg\" src=\"https:\/\/www.gresduvent.fr\/site\/wp-content\/uploads\/2020\/01\/DSC_0670-scaled.jpg?w=525&#038;h=350\" width=\"525\" height=\"350\" align=\"left\" title=\"DSC_0670\" \/><\/a><\/div><\/div><div class=\"gallery-group images-1\" style=\"width: 266px; height: 354px;\"><div class=\"tiled-gallery-item tiled-gallery-item-large\"><a href=\"https:\/\/www.gresduvent.fr\/site\/wp-content\/uploads\/2020\/01\/20191130_134757-1-scaled.jpg\"><img loading=\"lazy\" decoding=\"async\" data-attachment-id=\"1022\" data-orig-file=\"https:\/\/www.gresduvent.fr\/site\/wp-content\/uploads\/2020\/01\/20191130_134757-1-scaled.jpg\" data-orig-size=\"1920,2560\" data-comments-opened=\"0\" data-image-meta=\"{&quot;aperture&quot;:&quot;0&quot;,&quot;credit&quot;:&quot;&quot;,&quot;camera&quot;:&quot;&quot;,&quot;caption&quot;:&quot;&quot;,&quot;created_timestamp&quot;:&quot;0&quot;,&quot;copyright&quot;:&quot;&quot;,&quot;focal_length&quot;:&quot;0&quot;,&quot;iso&quot;:&quot;0&quot;,&quot;shutter_speed&quot;:&quot;0&quot;,&quot;title&quot;:&quot;&quot;,&quot;orientation&quot;:&quot;0&quot;,&quot;keywords&quot;:&quot;Array&quot;}\" data-image-title=\"20191130_134757\" data-image-description=\"\" data-medium-file=\"https:\/\/www.gresduvent.fr\/site\/wp-content\/uploads\/2020\/01\/20191130_134757-1-225x300.jpg\" data-large-file=\"https:\/\/www.gresduvent.fr\/site\/wp-content\/uploads\/2020\/01\/20191130_134757-1-768x1024.jpg\" src=\"https:\/\/www.gresduvent.fr\/site\/wp-content\/uploads\/2020\/01\/20191130_134757-1-scaled.jpg?w=262&#038;h=350\" width=\"262\" height=\"350\" align=\"left\" title=\"20191130_134757\" \/><\/a><\/div><\/div><\/div><div class=\"gallery-row\" style=\"width: 795px; height: 378px;\"><div class=\"gallery-group images-1\" style=\"width: 508px; height: 382px;\"><div class=\"tiled-gallery-item tiled-gallery-item-large\"><a href=\"https:\/\/www.gresduvent.fr\/site\/wp-content\/uploads\/2020\/01\/20191130_134548-scaled.jpg\"><img loading=\"lazy\" decoding=\"async\" data-attachment-id=\"1023\" data-orig-file=\"https:\/\/www.gresduvent.fr\/site\/wp-content\/uploads\/2020\/01\/20191130_134548-scaled.jpg\" data-orig-size=\"2560,1920\" data-comments-opened=\"0\" data-image-meta=\"{&quot;aperture&quot;:&quot;0&quot;,&quot;credit&quot;:&quot;&quot;,&quot;camera&quot;:&quot;&quot;,&quot;caption&quot;:&quot;&quot;,&quot;created_timestamp&quot;:&quot;0&quot;,&quot;copyright&quot;:&quot;&quot;,&quot;focal_length&quot;:&quot;0&quot;,&quot;iso&quot;:&quot;0&quot;,&quot;shutter_speed&quot;:&quot;0&quot;,&quot;title&quot;:&quot;&quot;,&quot;orientation&quot;:&quot;0&quot;,&quot;keywords&quot;:&quot;Array&quot;}\" data-image-title=\"20191130_134548\" data-image-description=\"\" data-medium-file=\"https:\/\/www.gresduvent.fr\/site\/wp-content\/uploads\/2020\/01\/20191130_134548-300x225.jpg\" data-large-file=\"https:\/\/www.gresduvent.fr\/site\/wp-content\/uploads\/2020\/01\/20191130_134548-1024x768.jpg\" src=\"https:\/\/www.gresduvent.fr\/site\/wp-content\/uploads\/2020\/01\/20191130_134548-scaled.jpg?w=504&#038;h=378\" width=\"504\" height=\"378\" align=\"left\" title=\"20191130_134548\" \/><\/a><\/div><\/div><div class=\"gallery-group images-1\" style=\"width: 287px; height: 382px;\"><div class=\"tiled-gallery-item tiled-gallery-item-large\"><a href=\"https:\/\/www.gresduvent.fr\/site\/wp-content\/uploads\/2020\/01\/20191126_203608-scaled.jpg\"><img loading=\"lazy\" decoding=\"async\" data-attachment-id=\"1025\" data-orig-file=\"https:\/\/www.gresduvent.fr\/site\/wp-content\/uploads\/2020\/01\/20191126_203608-scaled.jpg\" data-orig-size=\"1920,2560\" data-comments-opened=\"0\" data-image-meta=\"{&quot;aperture&quot;:&quot;0&quot;,&quot;credit&quot;:&quot;&quot;,&quot;camera&quot;:&quot;&quot;,&quot;caption&quot;:&quot;&quot;,&quot;created_timestamp&quot;:&quot;0&quot;,&quot;copyright&quot;:&quot;&quot;,&quot;focal_length&quot;:&quot;0&quot;,&quot;iso&quot;:&quot;0&quot;,&quot;shutter_speed&quot;:&quot;0&quot;,&quot;title&quot;:&quot;&quot;,&quot;orientation&quot;:&quot;0&quot;,&quot;keywords&quot;:&quot;Array&quot;}\" data-image-title=\"20191126_203608\" data-image-description=\"\" data-medium-file=\"https:\/\/www.gresduvent.fr\/site\/wp-content\/uploads\/2020\/01\/20191126_203608-225x300.jpg\" data-large-file=\"https:\/\/www.gresduvent.fr\/site\/wp-content\/uploads\/2020\/01\/20191126_203608-768x1024.jpg\" src=\"https:\/\/www.gresduvent.fr\/site\/wp-content\/uploads\/2020\/01\/20191126_203608-scaled.jpg?w=283&#038;h=378\" width=\"283\" height=\"378\" align=\"left\" title=\"20191126_203608\" \/><\/a><\/div><\/div><\/div><div class=\"gallery-row\" style=\"width: 795px; height: 350px;\"><div class=\"gallery-group images-1\" style=\"width: 266px; height: 354px;\"><div class=\"tiled-gallery-item tiled-gallery-item-large\"><a href=\"https:\/\/www.gresduvent.fr\/site\/wp-content\/uploads\/2020\/01\/20191130_134528-scaled.jpg\"><img loading=\"lazy\" decoding=\"async\" data-attachment-id=\"1024\" data-orig-file=\"https:\/\/www.gresduvent.fr\/site\/wp-content\/uploads\/2020\/01\/20191130_134528-scaled.jpg\" data-orig-size=\"1920,2560\" data-comments-opened=\"0\" data-image-meta=\"{&quot;aperture&quot;:&quot;0&quot;,&quot;credit&quot;:&quot;&quot;,&quot;camera&quot;:&quot;&quot;,&quot;caption&quot;:&quot;&quot;,&quot;created_timestamp&quot;:&quot;0&quot;,&quot;copyright&quot;:&quot;&quot;,&quot;focal_length&quot;:&quot;0&quot;,&quot;iso&quot;:&quot;0&quot;,&quot;shutter_speed&quot;:&quot;0&quot;,&quot;title&quot;:&quot;&quot;,&quot;orientation&quot;:&quot;0&quot;,&quot;keywords&quot;:&quot;Array&quot;}\" data-image-title=\"20191130_134528\" data-image-description=\"\" data-medium-file=\"https:\/\/www.gresduvent.fr\/site\/wp-content\/uploads\/2020\/01\/20191130_134528-225x300.jpg\" data-large-file=\"https:\/\/www.gresduvent.fr\/site\/wp-content\/uploads\/2020\/01\/20191130_134528-768x1024.jpg\" src=\"https:\/\/www.gresduvent.fr\/site\/wp-content\/uploads\/2020\/01\/20191130_134528-scaled.jpg?w=262&#038;h=350\" width=\"262\" height=\"350\" align=\"left\" title=\"20191130_134528\" \/><\/a><\/div><\/div><div class=\"gallery-group images-1\" style=\"width: 529px; height: 354px;\"><div class=\"tiled-gallery-item tiled-gallery-item-large\"><a href=\"https:\/\/www.gresduvent.fr\/site\/wp-content\/uploads\/2020\/01\/DSC_0674-scaled.jpg\"><img loading=\"lazy\" decoding=\"async\" data-attachment-id=\"1026\" data-orig-file=\"https:\/\/www.gresduvent.fr\/site\/wp-content\/uploads\/2020\/01\/DSC_0674-scaled.jpg\" data-orig-size=\"2560,1707\" data-comments-opened=\"0\" data-image-meta=\"{&quot;aperture&quot;:&quot;0&quot;,&quot;credit&quot;:&quot;&quot;,&quot;camera&quot;:&quot;&quot;,&quot;caption&quot;:&quot;&quot;,&quot;created_timestamp&quot;:&quot;0&quot;,&quot;copyright&quot;:&quot;&quot;,&quot;focal_length&quot;:&quot;0&quot;,&quot;iso&quot;:&quot;0&quot;,&quot;shutter_speed&quot;:&quot;0&quot;,&quot;title&quot;:&quot;&quot;,&quot;orientation&quot;:&quot;0&quot;,&quot;keywords&quot;:&quot;Array&quot;}\" data-image-title=\"DSC_0674\" data-image-description=\"\" data-medium-file=\"https:\/\/www.gresduvent.fr\/site\/wp-content\/uploads\/2020\/01\/DSC_0674-300x200.jpg\" data-large-file=\"https:\/\/www.gresduvent.fr\/site\/wp-content\/uploads\/2020\/01\/DSC_0674-1024x683.jpg\" src=\"https:\/\/www.gresduvent.fr\/site\/wp-content\/uploads\/2020\/01\/DSC_0674-scaled.jpg?w=525&#038;h=350\" width=\"525\" height=\"350\" align=\"left\" title=\"DSC_0674\" \/><\/a><\/div><\/div><\/div><div class=\"gallery-row\" style=\"width: 795px; height: 363px;\"><div class=\"gallery-group images-1\" style=\"width: 246px; height: 367px;\"><div class=\"tiled-gallery-item tiled-gallery-item-small\"><a href=\"https:\/\/www.gresduvent.fr\/site\/wp-content\/uploads\/2020\/01\/DSC_0608-scaled.jpg\"><img loading=\"lazy\" decoding=\"async\" data-attachment-id=\"1031\" data-orig-file=\"https:\/\/www.gresduvent.fr\/site\/wp-content\/uploads\/2020\/01\/DSC_0608-scaled.jpg\" data-orig-size=\"1707,2560\" data-comments-opened=\"0\" data-image-meta=\"{&quot;aperture&quot;:&quot;0&quot;,&quot;credit&quot;:&quot;&quot;,&quot;camera&quot;:&quot;&quot;,&quot;caption&quot;:&quot;&quot;,&quot;created_timestamp&quot;:&quot;0&quot;,&quot;copyright&quot;:&quot;&quot;,&quot;focal_length&quot;:&quot;0&quot;,&quot;iso&quot;:&quot;0&quot;,&quot;shutter_speed&quot;:&quot;0&quot;,&quot;title&quot;:&quot;&quot;,&quot;orientation&quot;:&quot;0&quot;,&quot;keywords&quot;:&quot;Array&quot;}\" data-image-title=\"DSC_0608\" data-image-description=\"\" data-medium-file=\"https:\/\/www.gresduvent.fr\/site\/wp-content\/uploads\/2020\/01\/DSC_0608-200x300.jpg\" data-large-file=\"https:\/\/www.gresduvent.fr\/site\/wp-content\/uploads\/2020\/01\/DSC_0608-683x1024.jpg\" src=\"https:\/\/www.gresduvent.fr\/site\/wp-content\/uploads\/2020\/01\/DSC_0608-scaled.jpg?w=242&#038;h=363\" width=\"242\" height=\"363\" align=\"left\" title=\"DSC_0608\" \/><\/a><\/div><\/div><div class=\"gallery-group images-1\" style=\"width: 549px; height: 367px;\"><div class=\"tiled-gallery-item tiled-gallery-item-large\"><a href=\"https:\/\/www.gresduvent.fr\/site\/wp-content\/uploads\/2020\/01\/DSC_0673-scaled.jpg\"><img loading=\"lazy\" decoding=\"async\" data-attachment-id=\"1027\" data-orig-file=\"https:\/\/www.gresduvent.fr\/site\/wp-content\/uploads\/2020\/01\/DSC_0673-scaled.jpg\" data-orig-size=\"2560,1707\" data-comments-opened=\"0\" data-image-meta=\"{&quot;aperture&quot;:&quot;0&quot;,&quot;credit&quot;:&quot;&quot;,&quot;camera&quot;:&quot;&quot;,&quot;caption&quot;:&quot;&quot;,&quot;created_timestamp&quot;:&quot;0&quot;,&quot;copyright&quot;:&quot;&quot;,&quot;focal_length&quot;:&quot;0&quot;,&quot;iso&quot;:&quot;0&quot;,&quot;shutter_speed&quot;:&quot;0&quot;,&quot;title&quot;:&quot;&quot;,&quot;orientation&quot;:&quot;0&quot;,&quot;keywords&quot;:&quot;Array&quot;}\" data-image-title=\"DSC_0673\" data-image-description=\"\" data-medium-file=\"https:\/\/www.gresduvent.fr\/site\/wp-content\/uploads\/2020\/01\/DSC_0673-300x200.jpg\" data-large-file=\"https:\/\/www.gresduvent.fr\/site\/wp-content\/uploads\/2020\/01\/DSC_0673-1024x683.jpg\" src=\"https:\/\/www.gresduvent.fr\/site\/wp-content\/uploads\/2020\/01\/DSC_0673-scaled.jpg?w=545&#038;h=363\" width=\"545\" height=\"363\" align=\"left\" title=\"DSC_0673\" \/><\/a><\/div><\/div><\/div><\/div>\n","protected":false},"excerpt":{"rendered":"<p>&nbsp; Les locaux de \u00ab\u00a0Au Gr\u00e8s du Vent\u00a0\u00bb vous accueillent &#8211; pour le plaisir des yeux, juste regarder\u00a0les poteries; &#8211; pour discuter de vos go\u00fbts artistiques, , de poterie, de terres, d&#8217;\u00e9maux, de la pluie, du beau temps et de [&hellip;]<\/p>\n","protected":false},"author":1,"featured_media":0,"parent":0,"menu_order":0,"comment_status":"closed","ping_status":"closed","template":"","meta":{"footnotes":""},"class_list":["post-356","page","type-page","status-publish","hentry","clearfix"],"_links":{"self":[{"href":"https:\/\/www.gresduvent.fr\/site\/wp-json\/wp\/v2\/pages\/356","targetHints":{"allow":["GET"]}}],"collection":[{"href":"https:\/\/www.gresduvent.fr\/site\/wp-json\/wp\/v2\/pages"}],"about":[{"href":"https:\/\/www.gresduvent.fr\/site\/wp-json\/wp\/v2\/types\/page"}],"author":[{"embeddable":true,"href":"https:\/\/www.gresduvent.fr\/site\/wp-json\/wp\/v2\/users\/1"}],"replies":[{"embeddable":true,"href":"https:\/\/www.gresduvent.fr\/site\/wp-json\/wp\/v2\/comments?post=356"}],"version-history":[{"count":14,"href":"https:\/\/www.gresduvent.fr\/site\/wp-json\/wp\/v2\/pages\/356\/revisions"}],"predecessor-version":[{"id":627,"href":"https:\/\/www.gresduvent.fr\/site\/wp-json\/wp\/v2\/pages\/356\/revisions\/627"}],"wp:attachment":[{"href":"https:\/\/www.gresduvent.fr\/site\/wp-json\/wp\/v2\/media?parent=356"}],"curies":[{"name":"wp","href":"https:\/\/api.w.org\/{rel}","templated":true}]}}