{"id":374,"date":"2019-08-06T17:36:25","date_gmt":"2019-08-06T15:36:25","guid":{"rendered":"https:\/\/www.gresduvent.fr\/site\/?page_id=374"},"modified":"2026-04-08T15:48:06","modified_gmt":"2026-04-08T13:48:06","slug":"les-stages-de-creation","status":"publish","type":"page","link":"https:\/\/www.gresduvent.fr\/site\/les-stages-de-creation\/","title":{"rendered":"Les stages de cr\u00e9ation et animations"},"content":{"rendered":"<h1><span style=\"color: #008000;\">STAGES ET ANIMATIONS<\/span><\/h1>\n<p><!--more--><\/p>\n<p><!--more--><\/p>\n<h1 style=\"text-align: center;\"><span style=\"color: #99cc00;\">Ann\u00e9e 2025-2026<br \/>\n<\/span><\/h1>\n<h1><span style=\"color: #008080;\">ANIMATIONS enfants<br \/>\n<\/span><\/h1>\n<h2>* Pendant toute l\u2019ann\u00e9e, hors vacances scolaires, certains mercredis de 9h30 \u00e0 10h45<\/h2>\n<p>dates : 8 octobre, 12 novembre, 10 d\u00e9cembre, 14 janvier, 18 mars, 29 avril, 27 mai, 10 juin<\/p>\n<div data-carousel-extra='{\"blog_id\":1,\"permalink\":\"https:\\\/\\\/www.gresduvent.fr\\\/site\\\/les-stages-de-creation\\\/\",\"likes_blog_id\":false}' class=\"tiled-gallery type-rectangular tiled-gallery-unresized\" data-original-width=\"800\"><div class=\"gallery-row\" style=\"width: 795px; height: 262px;\"><div class=\"gallery-group images-1\" style=\"width: 398px; height: 266px;\"><div class=\"tiled-gallery-item tiled-gallery-item-large\"><a href=\"https:\/\/www.gresduvent.fr\/site\/wp-content\/uploads\/2019\/11\/DSC_0109.jpg\"><img loading=\"lazy\" decoding=\"async\" data-attachment-id=\"942\" data-orig-file=\"https:\/\/www.gresduvent.fr\/site\/wp-content\/uploads\/2019\/11\/DSC_0109.jpg\" data-orig-size=\"6000,4000\" data-comments-opened=\"0\" data-image-meta=\"{&quot;aperture&quot;:&quot;0&quot;,&quot;credit&quot;:&quot;&quot;,&quot;camera&quot;:&quot;&quot;,&quot;caption&quot;:&quot;&quot;,&quot;created_timestamp&quot;:&quot;0&quot;,&quot;copyright&quot;:&quot;&quot;,&quot;focal_length&quot;:&quot;0&quot;,&quot;iso&quot;:&quot;0&quot;,&quot;shutter_speed&quot;:&quot;0&quot;,&quot;title&quot;:&quot;&quot;,&quot;orientation&quot;:&quot;0&quot;,&quot;keywords&quot;:&quot;Array&quot;}\" data-image-title=\"DSC_0109\" data-image-description=\"\" data-medium-file=\"https:\/\/www.gresduvent.fr\/site\/wp-content\/uploads\/2019\/11\/DSC_0109-300x200.jpg\" data-large-file=\"https:\/\/www.gresduvent.fr\/site\/wp-content\/uploads\/2019\/11\/DSC_0109-1024x683.jpg\" src=\"https:\/\/www.gresduvent.fr\/site\/wp-content\/uploads\/2019\/11\/DSC_0109.jpg?w=394&#038;h=262\" width=\"394\" height=\"262\" align=\"left\" title=\"DSC_0109\" \/><\/a><\/div><\/div><div class=\"gallery-group images-1\" style=\"width: 397px; height: 266px;\"><div class=\"tiled-gallery-item tiled-gallery-item-large\"><a href=\"https:\/\/www.gresduvent.fr\/site\/wp-content\/uploads\/2019\/11\/DSC_0120.jpg\"><img loading=\"lazy\" decoding=\"async\" data-attachment-id=\"940\" data-orig-file=\"https:\/\/www.gresduvent.fr\/site\/wp-content\/uploads\/2019\/11\/DSC_0120.jpg\" data-orig-size=\"6000,4000\" data-comments-opened=\"0\" data-image-meta=\"{&quot;aperture&quot;:&quot;0&quot;,&quot;credit&quot;:&quot;&quot;,&quot;camera&quot;:&quot;&quot;,&quot;caption&quot;:&quot;&quot;,&quot;created_timestamp&quot;:&quot;0&quot;,&quot;copyright&quot;:&quot;&quot;,&quot;focal_length&quot;:&quot;0&quot;,&quot;iso&quot;:&quot;0&quot;,&quot;shutter_speed&quot;:&quot;0&quot;,&quot;title&quot;:&quot;&quot;,&quot;orientation&quot;:&quot;0&quot;,&quot;keywords&quot;:&quot;Array&quot;}\" data-image-title=\"DSC_0120\" data-image-description=\"\" data-medium-file=\"https:\/\/www.gresduvent.fr\/site\/wp-content\/uploads\/2019\/11\/DSC_0120-300x200.jpg\" data-large-file=\"https:\/\/www.gresduvent.fr\/site\/wp-content\/uploads\/2019\/11\/DSC_0120-1024x683.jpg\" src=\"https:\/\/www.gresduvent.fr\/site\/wp-content\/uploads\/2019\/11\/DSC_0120.jpg?w=393&#038;h=262\" width=\"393\" height=\"262\" align=\"left\" title=\"DSC_0120\" \/><\/a><\/div><\/div><\/div><\/div>\n<p>A partir de 5 ans<\/p>\n<h2><span style=\"line-height: 1.5;\">* Pendant les vacances ann\u00e9e 2025-2026 :<\/span><\/h2>\n<p>&#8211; vacances d\u2019automne : 27 et 29 octobre 2025<\/p>\n<p>deux cr\u00e9neaux : 15h-16h15 et 17h-18h15<\/p>\n<p>-vacances d\u2019hiver : 9 et 11 f\u00e9vrier 2026<\/p>\n<p>deux cr\u00e9neaux : 15h-16h15 et 17h-18h15<\/p>\n<p>&#8211; vacances d\u2019avril :<\/p>\n<p>14 avril 2026 et 17 avril 2026<br \/>\nde 17h \u00e0 18h15. ( complet)<\/p>\n<h2>* Inscriptions :<\/h2>\n<p><span style=\"font-size: 16px; line-height: 1.5;\">Inscription disponible sur site vendeur courant ao\u00fbt.<\/span><\/p>\n<p>Les mercredis :<\/p>\n<p><a href=\"https:\/\/gresduvent.eproshopping.fr\/catalogue\/272081-Enfants-le-mercredi\">https:\/\/gresduvent.eproshopping.fr\/catalogue\/272081-Enfants-le-mercredi<\/a><\/p>\n<p>Pendant les vacances :<\/p>\n<p><span style=\"font-size: 16px; line-height: 1.5;\"><a href=\"https:\/\/gresduvent.eproshopping.fr\/catalogue\/259882-Enfant\">https:\/\/gresduvent.eproshopping.fr\/catalogue\/259882-Enfant<\/a><\/span><\/p>\n<p>Quand vous inscrivez votre enfant \u00e0 2 s\u00e9ances s\u00e9par\u00e9es de 2 jours, ils pourront \u00e9mailler leur pi\u00e8ce !<\/p>\n<p>L&#8217;animation n&#8217;aura pas lieu si moins de 3 inscrits. Je pr\u00e9viendrai,\u00a0 \u00e0 partir de 18h, la veille de l&#8217;animation, si elle vient \u00e0 \u00eatre annul\u00e9e et proc\u00e9derai au remboursement de la s\u00e9ance.<\/p>\n<h2>* D\u00e9roulement\u00a0de l&#8217;animation :<\/h2>\n<p><span style=\"font-size: 16px; line-height: 1.5;\">Groupe de 6 maximum. 400 grammes de terre par personne.<br \/>\n<\/span><\/p>\n<p>1\u00e8re s\u00e9ance : environ 20 minutes de jeux de modelage individuel\u00a0 et 55 minutes de confection, cr\u00e9ation d&#8217;une pi\u00e8ce(sculpture, pot, tasse, bol\u2026)<\/p>\n<p>Si l&#8217;enfant vient une deuxi\u00e8me fois : 2\u00e8me s\u00e9ance : environ 20 minutes de jeux de modelage individuel\u00a0 et 55 minutes d&#8217;Emaillage ou engobage de la pi\u00e8ce faite la s\u00e9ance pr\u00e9c\u00e9dente et fabrication si le temps le permet d&#8217;une autre pi\u00e8ce qui ne sera pas \u00e9maill\u00e9e mais cuite brute.<\/p>\n<p>Les enfants venus qu\u2019une seule fois r\u00e9cup\u00e9reront leur pi\u00e8ce cuite avec une touche d\u2019\u00e9mail mise sur leur modelage par mes soins. Ils pourront rajouter d\u2019autres couleurs \u00e0 la peinture acrylique.<\/p>\n<p>Merci de m\u2019envoyer un sms au plus t\u00f4t deux semaines apr\u00e8s l&#8217;animation (temps de s\u00e8che puis cuisson \u00e0 1250\u00b0) en me rappelant date de l\u2019animation et pr\u00e9nom de votre enfant afin que je vous dise si vous pouvez venir r\u00e9cup\u00e9rer la pi\u00e8ce de votre enfant apr\u00e8s cuisson, cela peut prendre plus de temps car je fais un four quand je peux le remplir compl\u00e8tement par soucis d\u2019\u00e9conomie d\u2019\u00e9nergie.<br \/>\nR\u00e9cup\u00e9ration \u00e0 l&#8217;atelier; \u00a0si impossibilit\u00e9\u00a0: Pr\u00e9voir des Frais d&#8217;envoi.<\/p>\n<h2>* Prix de l&#8217;animation.<\/h2>\n<p style=\"text-align: center;\">15 euros par personne par s\u00e9ance (terre, \u00e9maux ou engobe et cuisson compris ).<\/p>\n<p>Pour un \u00e9maillage fait par mes soins, un suppl\u00e9ment de 3 euros par pi\u00e8ce est demand\u00e9.<\/p>\n<p>Inscription sur la boutique en ligne https:\/\/gresduvent.eproshopping.fr, rubrique &#8220;tous nos articles&#8221; puis &#8220;animations&#8221;, &#8230; ou par t\u00e9l\u00e9phone au 06-58-00-81-48.<\/p>\n<p>&nbsp;<\/p>\n<h1><span style=\"color: #008080;\">STAGES Adultes :<br \/>\n<\/span><\/h1>\n<h1 style=\"text-align: center;\">Plusieurs formules : stage de modelage et stage d\u2019initiation tournage.<\/h1>\n<p>&nbsp;<\/p>\n<div data-carousel-extra='{\"blog_id\":1,\"permalink\":\"https:\\\/\\\/www.gresduvent.fr\\\/site\\\/les-stages-de-creation\\\/\",\"likes_blog_id\":false}' class=\"tiled-gallery type-rectangular tiled-gallery-unresized\" data-original-width=\"800\"><div class=\"gallery-row\" style=\"width: 795px; height: 530px;\"><div class=\"gallery-group images-2\" style=\"width: 399px; height: 534px;\"><div class=\"tiled-gallery-item tiled-gallery-item-large\"><a href=\"https:\/\/www.gresduvent.fr\/site\/wp-content\/uploads\/2019\/11\/DSC_0359.jpg\"><img loading=\"lazy\" decoding=\"async\" data-attachment-id=\"936\" data-orig-file=\"https:\/\/www.gresduvent.fr\/site\/wp-content\/uploads\/2019\/11\/DSC_0359.jpg\" data-orig-size=\"6000,4000\" data-comments-opened=\"0\" data-image-meta=\"{&quot;aperture&quot;:&quot;0&quot;,&quot;credit&quot;:&quot;&quot;,&quot;camera&quot;:&quot;&quot;,&quot;caption&quot;:&quot;&quot;,&quot;created_timestamp&quot;:&quot;0&quot;,&quot;copyright&quot;:&quot;&quot;,&quot;focal_length&quot;:&quot;0&quot;,&quot;iso&quot;:&quot;0&quot;,&quot;shutter_speed&quot;:&quot;0&quot;,&quot;title&quot;:&quot;&quot;,&quot;orientation&quot;:&quot;0&quot;,&quot;keywords&quot;:&quot;Array&quot;}\" data-image-title=\"DSC_0359\" data-image-description=\"\" data-medium-file=\"https:\/\/www.gresduvent.fr\/site\/wp-content\/uploads\/2019\/11\/DSC_0359-300x200.jpg\" data-large-file=\"https:\/\/www.gresduvent.fr\/site\/wp-content\/uploads\/2019\/11\/DSC_0359-1024x683.jpg\" src=\"https:\/\/www.gresduvent.fr\/site\/wp-content\/uploads\/2019\/11\/DSC_0359.jpg?w=395&#038;h=263\" width=\"395\" height=\"263\" align=\"left\" title=\"DSC_0359\" \/><\/a><\/div><div class=\"tiled-gallery-item tiled-gallery-item-large\"><a href=\"https:\/\/www.gresduvent.fr\/site\/wp-content\/uploads\/2019\/11\/DSC_0388.jpg\"><img loading=\"lazy\" decoding=\"async\" data-attachment-id=\"933\" data-orig-file=\"https:\/\/www.gresduvent.fr\/site\/wp-content\/uploads\/2019\/11\/DSC_0388.jpg\" data-orig-size=\"6000,4000\" data-comments-opened=\"0\" data-image-meta=\"{&quot;aperture&quot;:&quot;0&quot;,&quot;credit&quot;:&quot;&quot;,&quot;camera&quot;:&quot;&quot;,&quot;caption&quot;:&quot;&quot;,&quot;created_timestamp&quot;:&quot;0&quot;,&quot;copyright&quot;:&quot;&quot;,&quot;focal_length&quot;:&quot;0&quot;,&quot;iso&quot;:&quot;0&quot;,&quot;shutter_speed&quot;:&quot;0&quot;,&quot;title&quot;:&quot;&quot;,&quot;orientation&quot;:&quot;0&quot;,&quot;keywords&quot;:&quot;Array&quot;}\" data-image-title=\"DSC_0388\" data-image-description=\"\" data-medium-file=\"https:\/\/www.gresduvent.fr\/site\/wp-content\/uploads\/2019\/11\/DSC_0388-300x200.jpg\" data-large-file=\"https:\/\/www.gresduvent.fr\/site\/wp-content\/uploads\/2019\/11\/DSC_0388-1024x683.jpg\" src=\"https:\/\/www.gresduvent.fr\/site\/wp-content\/uploads\/2019\/11\/DSC_0388.jpg?w=395&#038;h=263\" width=\"395\" height=\"263\" align=\"left\" title=\"DSC_0388\" \/><\/a><\/div><\/div><div class=\"gallery-group images-1\" style=\"width: 396px; height: 534px;\"><div class=\"tiled-gallery-item tiled-gallery-item-large\"><a href=\"https:\/\/www.gresduvent.fr\/site\/wp-content\/uploads\/2024\/05\/9FD35D90-F37F-47B2-BF72-5D293254ABD7.jpeg\"><img loading=\"lazy\" decoding=\"async\" data-attachment-id=\"2609\" data-orig-file=\"https:\/\/www.gresduvent.fr\/site\/wp-content\/uploads\/2024\/05\/9FD35D90-F37F-47B2-BF72-5D293254ABD7.jpeg\" data-orig-size=\"621,840\" data-comments-opened=\"0\" data-image-meta=\"{&quot;aperture&quot;:&quot;0&quot;,&quot;credit&quot;:&quot;&quot;,&quot;camera&quot;:&quot;&quot;,&quot;caption&quot;:&quot;&quot;,&quot;created_timestamp&quot;:&quot;0&quot;,&quot;copyright&quot;:&quot;&quot;,&quot;focal_length&quot;:&quot;0&quot;,&quot;iso&quot;:&quot;0&quot;,&quot;shutter_speed&quot;:&quot;0&quot;,&quot;title&quot;:&quot;&quot;,&quot;orientation&quot;:&quot;1&quot;,&quot;keywords&quot;:&quot;Array&quot;}\" data-image-title=\"9FD35D90-F37F-47B2-BF72-5D293254ABD7\" data-image-description=\"\" data-medium-file=\"https:\/\/www.gresduvent.fr\/site\/wp-content\/uploads\/2024\/05\/9FD35D90-F37F-47B2-BF72-5D293254ABD7-222x300.jpeg\" data-large-file=\"https:\/\/www.gresduvent.fr\/site\/wp-content\/uploads\/2024\/05\/9FD35D90-F37F-47B2-BF72-5D293254ABD7.jpeg\" src=\"https:\/\/www.gresduvent.fr\/site\/wp-content\/uploads\/2024\/05\/9FD35D90-F37F-47B2-BF72-5D293254ABD7.jpeg?w=392&#038;h=530\" width=\"392\" height=\"530\" align=\"left\" title=\"9FD35D90-F37F-47B2-BF72-5D293254ABD7\" \/><\/a><\/div><\/div><\/div><\/div>\n<h2>STAGES DE MODELAGE ann\u00e9e 2025-2026<\/h2>\n<h2>*Dates :<\/h2>\n<p>Stages d&#8217;un jour :<\/p>\n<p>16 novembre 2025<\/p>\n<p>7 f\u00e9vrier \u00a02026<\/p>\n<p>4 avril 2026<\/p>\n<p>&nbsp;<\/p>\n<p>Stages de 2 jours :<\/p>\n<p>18-19 octobre 2025<\/p>\n<p>14-15 mars 2026<\/p>\n<p>&nbsp;<\/p>\n<h2>* Horaires\u00a0:<\/h2>\n<p>9h-12h<br \/>\n13h-16h<\/p>\n<p>Groupe de 4 maximum.<\/p>\n<p>&nbsp;<\/p>\n<h2>* Inscription :<\/h2>\n<p>Sur r\u00e9servation au plus tard une semaine avant le stage sur le site vendeur : https:\/\/gresduvent.eproshopping.fr<\/p>\n<p>Annulation du stage si l&#8217;effectif est inf\u00e9rieur \u00e0 2. Dans ce cas, je vous pr\u00e9viendrai une semaine avant et vous rembourserai le montant d\u00e9j\u00e0 vers\u00e9.<\/p>\n<p>&nbsp;<\/p>\n<h2>* Exemple de D\u00e9roulement ( changeant suivant les personnes pr\u00e9sentes, leurs niveaux et leurs projets) :<\/h2>\n<h2 style=\"text-align: center;\"><span style=\"color: #993300;\">STAGE DE DEUX JOURS :<\/span><\/h2>\n<h2 style=\"text-align: center;\">PREMI\u00c8RE JOURN\u00c9E<\/h2>\n<h3>Matin\u00e9e :<\/h3>\n<p>Pr\u00e9sentation de chacun avec caf\u00e9-th\u00e9\u00a0gourmand !<\/p>\n<ul>\n<li>pour les d\u00e9butants : une matin\u00e9e d&#8217;apprentissage des techniques de base du modelage par la confection d&#8217;une bo\u00eete (\u00e0 bijoux ou autre) ou d&#8217;une maison \u00e0 insectes. Choix de la forme et des impressions sur terre. Battage, colombin, plaque, Evidage , collage par barbotine et maniement des outils.<\/li>\n<\/ul>\n<ul>\n<li>pour les confirm\u00e9s : Pr\u00e9paration d&#8217;une plaque pour le lendemain. Cr\u00e9ation d&#8217;une sculpture en s&#8217;inspirant d&#8217;une photo de paysage parmi 3 propositions (pour toucher \u00e0 la cr\u00e9ation de l&#8217;esprit !)<\/li>\n<\/ul>\n<h3>Repas\u00a0:<\/h3>\n<p>Possible \u00e0 l&#8217;atelier (possibilit\u00e9 de faire r\u00e9chauffer son plat) ou \u00e0 l&#8217;ext\u00e9rieur (de bons petits restaurant sur la Mure). Si beau temps, table ext\u00e9rieure dans le jardin, au coin de la mare!<\/p>\n<p>Caf\u00e9 -th\u00e9 gourmand offert avant de s&#8217;y remettre !!<\/p>\n<h3>Apr\u00e8s-midi\u00a0:<\/h3>\n<ul>\n<li>Pour les d\u00e9butants : D\u00e9marrage d&#8217;une sculpture d&#8217;un personnage chapeaut\u00e9. Inspirations : Bande dessin\u00e9e, photos&#8230; Apport technique : proportions et modelage des diff\u00e9rents \u00e9l\u00e9ments du visage.<\/li>\n<li>Pour les confirm\u00e9s : Continuit\u00e9 du modelage du matin.<\/li>\n<\/ul>\n<h3 class=\"western\">Repas du soir et nuit\u00e9e\u00a0:<\/h3>\n<p>Chacun chez soi ou pour ceux qui viennent de loin, partenariat avec le g\u00eete de Tors (me contacter si vous \u00eates int\u00e9ress\u00e9 pour la nuit\u00e9e et le repas du soir).<\/p>\n<p>&nbsp;<\/p>\n<h2 style=\"text-align: center;\">DEUXI\u00c8ME JOURN\u00c9E<\/h2>\n<h3>Matin\u00e9e :<\/h3>\n<ul>\n<li>Pour les d\u00e9butants : Cr\u00e9ation d&#8217;une sculpture ou d&#8217;un pot d\u00e9cor\u00e9 avec ajout et impression. Chacun choisit son projet et se lance pour la journ\u00e9e.<\/li>\n<li>Pour les confirm\u00e9s : Confection d&#8217;un bas-relief. Avec \u00e9vidage des masses. Projet \u00e0 d\u00e9finir sur feuille d&#8217;abord.<\/li>\n<\/ul>\n<h3 class=\"western\">Repas\u00a0:<\/h3>\n<p>Possible \u00e0 l&#8217;atelier (possibilit\u00e9 de faire r\u00e9chauffer son plat) ou \u00e0 l&#8217;ext\u00e9rieur (de bons petits restaurant sur la Mure). Si beau temps, table ext\u00e9rieure dans le jardin, au coin de la mare!<\/p>\n<p>Caf\u00e9 -th\u00e9 gourmand offert avant de s&#8217;y remettre !!<\/p>\n<h3 class=\"western\">Apr\u00e8s-midi :<\/h3>\n<p>Pour les deux groupes : finition des diff\u00e9rents travaux engag\u00e9s pendant le stage.<\/p>\n<h3>Fin du stage\u00a0:<\/h3>\n<p>Prise d&#8217;adresses mail pour envoyer \u00e0 chacun les photos du stage et signaler le moment o\u00f9 les pi\u00e8ces seront pr\u00eates \u00e0 \u00eatre \u00e9maill\u00e9es puis r\u00e9cup\u00e9r\u00e9es apr\u00e8s cuisson.<br \/>\nR\u00e9cup\u00e9ration \u00e0 l&#8217;atelier; \u00a0si impossibilit\u00e9\u00a0: Pr\u00e9voir des Frais d&#8217;envoi.<\/p>\n<p><strong>NB : Chaque stagiaire voulant s&#8217;essayer au tournage pourra \u00e0 tour de r\u00f4le s&#8217;y installer et apprendre les bases du tournage. Cette activit\u00e9\u00a0 ne pourra \u00eatre qu&#8217;une initiation car trop peu de temps pour pouvoir r\u00e9ellement monter une pi\u00e8ce sauf si le stagiaire a d\u00e9j\u00e0 un peu d&#8217;exp\u00e9rience.<\/strong><\/p>\n<h2>* Prix<\/h2>\n<p>80 euros par personne pour une journ\u00e9e de 6 h : 6 kg de terre max, cuisson,<\/p>\n<p>une s\u00e9ance d\u2019\u00e9maillage d\u2019une heure et demie possible sur rdv avec facturation de l\u2019email : 3\u20ac\/unit\u00e9 d\u2019email ( 1 unit\u00e9 = \u00e9maillage d\u2019un mug).<\/p>\n<p>160 euros par personne pour deux jours : 8 kg de terre max, cuisson,<\/p>\n<p>une s\u00e9ance d\u2019\u00e9maillage d\u2019une heure et demie possible sur rdv avec facturation de l\u2019email : 3\u20ac\/unit\u00e9 d\u2019email ( 1 unit\u00e9 = \u00e9maillage d\u2019un mug).<\/p>\n<h2 style=\"text-align: center;\">STAGE DE TOURNAGE<\/h2>\n<p><a href=\"https:\/\/www.gresduvent.fr\/site\/wp-content\/uploads\/2024\/05\/9FD35D90-F37F-47B2-BF72-5D293254ABD7.jpeg\"><img loading=\"lazy\" decoding=\"async\" class=\"aligncenter size-full wp-image-2609\" src=\"https:\/\/www.gresduvent.fr\/site\/wp-content\/uploads\/2024\/05\/9FD35D90-F37F-47B2-BF72-5D293254ABD7.jpeg\" alt=\"\" width=\"621\" height=\"840\" srcset=\"https:\/\/www.gresduvent.fr\/site\/wp-content\/uploads\/2024\/05\/9FD35D90-F37F-47B2-BF72-5D293254ABD7.jpeg 621w, https:\/\/www.gresduvent.fr\/site\/wp-content\/uploads\/2024\/05\/9FD35D90-F37F-47B2-BF72-5D293254ABD7-222x300.jpeg 222w, https:\/\/www.gresduvent.fr\/site\/wp-content\/uploads\/2024\/05\/9FD35D90-F37F-47B2-BF72-5D293254ABD7-520x703.jpeg 520w, https:\/\/www.gresduvent.fr\/site\/wp-content\/uploads\/2024\/05\/9FD35D90-F37F-47B2-BF72-5D293254ABD7-360x487.jpeg 360w, https:\/\/www.gresduvent.fr\/site\/wp-content\/uploads\/2024\/05\/9FD35D90-F37F-47B2-BF72-5D293254ABD7-250x338.jpeg 250w, https:\/\/www.gresduvent.fr\/site\/wp-content\/uploads\/2024\/05\/9FD35D90-F37F-47B2-BF72-5D293254ABD7-100x135.jpeg 100w\" sizes=\"auto, (max-width: 621px) 100vw, 621px\" \/><\/a><\/p>\n<p>2 personnes par stage.<\/p>\n<p class=\"p1\"><span class=\"s1\">Deux demies journ\u00e9es : <\/span><\/p>\n<p class=\"p1\"><span class=\"s1\">soit 6 heures pour s&#8217;initier au tournage et au tournasage de la terre sur un tour de potier. Apr\u00e8s vous avoir fait une d\u00e9monstration de tournage d&#8217;un pot et vous avoir expliquer les diff\u00e9rentes \u00e9tapes de fabrication, vous aurez chacun un tour et pourrez ressentir les sensations de tournage, appr\u00e9hender les r\u00e9actions de la terre face aux pressions que vous allez exercer sur elle.<\/span><\/p>\n<p class=\"p1\"><span class=\"s1\">La deuxi\u00e8me demie-journ\u00e9e, vous utiliserez des outils tranchants pour affiner votre pi\u00e8ce par l&#8217;\u00e9tape du &#8220;tournasage&#8221;. Je vous expliquerai alors les diff\u00e9rentes possibilit\u00e9s de mise en couleur de votre pi\u00e8ce,et le rajout \u00e9ventuel d&#8217;une anse. Vous pourrez ensuite terminer votre cr\u00e9ation en exp\u00e9rimentant le sgraffito qui consiste \u00e0 mettre une couleur puis \u00e0 griffer la terre pour faire des motifs.<\/span><\/p>\n<p class=\"p1\"><span class=\"s1\">Vous choisirez la pi\u00e8ce que vous voudrez garder pour que je vous la cuise, vous l&#8217;\u00e9maille. Vous viendrez la r\u00e9cup\u00e9rer \u00e0 mon atelier \u00e0 la Mure plus tard dans l&#8217;\u00e9t\u00e9 ou je vous l&#8217;enverrai par colis (pr\u00e9voir frais de port en plus dans ce cas, environ 10\u20ac).<\/span><\/p>\n<p>Horaires : 2 demies-journ\u00e9es de 3 heures. De 9h \u00e0 12h.<\/p>\n<p>Dates :<\/p>\n<p>Stage A : 8 et 22 novembre 2025<\/p>\n<p>Stage B : 24 et 31 janvier 2026<\/p>\n<p>Stage C : 21 et 28 mars 2026<\/p>\n<p>Stage D : 6 et 13 juin 2026(complet)<\/p>\n<p>Attention : 2 places par session de 2 demies journ\u00e9es.<\/p>\n<p class=\"p1\"><span class=\"s1\">Lieu :\u00a0<\/span>Le stage se d\u00e9roule \u00e0 l\u2019atelier \u00e0 la Mure<\/p>\n<p>Tarifs :<\/p>\n<p>70\u20ac Pour une demie journ\u00e9e<\/p>\n<p>130\u20ac pour Deux demies journ\u00e9es<\/p>\n<p>inscription: sur https:\/\/gresduvent.eproshopping.fr<\/p>\n<p>&nbsp;<\/p>\n<p>&nbsp;<\/p>\n<p>&nbsp;<\/p>\n<p>&nbsp;<\/p>\n<p>&nbsp;<\/p>\n<p>&nbsp;<\/p>\n","protected":false},"excerpt":{"rendered":"<p>STAGES ET ANIMATIONS<\/p>\n","protected":false},"author":1,"featured_media":0,"parent":0,"menu_order":0,"comment_status":"closed","ping_status":"closed","template":"","meta":{"footnotes":""},"class_list":["post-374","page","type-page","status-publish","hentry","clearfix"],"_links":{"self":[{"href":"https:\/\/www.gresduvent.fr\/site\/wp-json\/wp\/v2\/pages\/374","targetHints":{"allow":["GET"]}}],"collection":[{"href":"https:\/\/www.gresduvent.fr\/site\/wp-json\/wp\/v2\/pages"}],"about":[{"href":"https:\/\/www.gresduvent.fr\/site\/wp-json\/wp\/v2\/types\/page"}],"author":[{"embeddable":true,"href":"https:\/\/www.gresduvent.fr\/site\/wp-json\/wp\/v2\/users\/1"}],"replies":[{"embeddable":true,"href":"https:\/\/www.gresduvent.fr\/site\/wp-json\/wp\/v2\/comments?post=374"}],"version-history":[{"count":115,"href":"https:\/\/www.gresduvent.fr\/site\/wp-json\/wp\/v2\/pages\/374\/revisions"}],"predecessor-version":[{"id":2814,"href":"https:\/\/www.gresduvent.fr\/site\/wp-json\/wp\/v2\/pages\/374\/revisions\/2814"}],"wp:attachment":[{"href":"https:\/\/www.gresduvent.fr\/site\/wp-json\/wp\/v2\/media?parent=374"}],"curies":[{"name":"wp","href":"https:\/\/api.w.org\/{rel}","templated":true}]}}