{"id":498,"date":"2019-08-07T15:43:09","date_gmt":"2019-08-07T13:43:09","guid":{"rendered":"https:\/\/www.gresduvent.fr\/site\/?page_id=498"},"modified":"2019-08-09T11:04:58","modified_gmt":"2019-08-09T09:04:58","slug":"mentions-legales","status":"publish","type":"page","link":"https:\/\/www.gresduvent.fr\/site\/mentions-legales\/","title":{"rendered":"Mentions L\u00e9gales"},"content":{"rendered":"<h2>PROPRI\u00c9TAIRE DU SITE<\/h2>\n<p>Ce site et le nom de domaine gresduvent.fr sont la propri\u00e9t\u00e9 de Rapha\u00eblle Gallet, microentreprise &#8220;Au gr\u00e8s du vent&#8221; :<br \/>\n&gt; SIRET : 852 754 662 00017<br \/>\n&gt; Code APE : 2341Z<br \/>\n&gt; Si\u00e8ge social : 18 rue des plantations 38350 La Mure<br \/>\nLa soci\u00e9t\u00e9 est \u00e9galement responsable du contenu \u00e9ditorial du site.<\/p>\n<h2>CR\u00c9ATION DU SITE<\/h2>\n<p>Ce site a \u00e9t\u00e9 con\u00e7u et d\u00e9velopp\u00e9 par <a href=\"http:\/\/www.eyenet.fr\/\">eyenet<\/a>. Il respecte les normes XHTML et CSS3. Toutes les photos et les textes du site sont prot\u00e9g\u00e9s par le droit d\u2019auteur, toute reproduction m\u00eame partielle est interdite.<\/p>\n<h2>H\u00c9BERGEMENT DU SITE<\/h2>\n<p>Le site est h\u00e9berg\u00e9 sur serveur mutualis\u00e9 chez OVH<br \/>\nSAS OVH 140, quai du Sartel 59100 ROUBAIX<br \/>\nTel : 08 99 70 17 61 \/ 08 99 70 17 61 \u2013 Fax : 03 20 20 09 58<br \/>\nSIREN : 424 761 419 \u2013 Soci\u00e9t\u00e9 immatricul\u00e9e au RCS de Tourcoing.<\/p>\n","protected":false},"excerpt":{"rendered":"<p>PROPRI\u00c9TAIRE DU SITE Ce site et le nom de domaine gresduvent.fr sont la propri\u00e9t\u00e9 de Rapha\u00eblle Gallet, microentreprise &#8220;Au gr\u00e8s du vent&#8221; : &gt; SIRET : 852 754 662 00017 &gt; Code APE : 2341Z &gt; Si\u00e8ge social : 18 [&hellip;]<\/p>\n","protected":false},"author":1,"featured_media":0,"parent":0,"menu_order":0,"comment_status":"closed","ping_status":"closed","template":"","meta":{"footnotes":""},"class_list":["post-498","page","type-page","status-publish","hentry","clearfix"],"_links":{"self":[{"href":"https:\/\/www.gresduvent.fr\/site\/wp-json\/wp\/v2\/pages\/498","targetHints":{"allow":["GET"]}}],"collection":[{"href":"https:\/\/www.gresduvent.fr\/site\/wp-json\/wp\/v2\/pages"}],"about":[{"href":"https:\/\/www.gresduvent.fr\/site\/wp-json\/wp\/v2\/types\/page"}],"author":[{"embeddable":true,"href":"https:\/\/www.gresduvent.fr\/site\/wp-json\/wp\/v2\/users\/1"}],"replies":[{"embeddable":true,"href":"https:\/\/www.gresduvent.fr\/site\/wp-json\/wp\/v2\/comments?post=498"}],"version-history":[{"count":4,"href":"https:\/\/www.gresduvent.fr\/site\/wp-json\/wp\/v2\/pages\/498\/revisions"}],"predecessor-version":[{"id":515,"href":"https:\/\/www.gresduvent.fr\/site\/wp-json\/wp\/v2\/pages\/498\/revisions\/515"}],"wp:attachment":[{"href":"https:\/\/www.gresduvent.fr\/site\/wp-json\/wp\/v2\/media?parent=498"}],"curies":[{"name":"wp","href":"https:\/\/api.w.org\/{rel}","templated":true}]}}