{"id":501,"date":"2019-08-07T15:45:23","date_gmt":"2019-08-07T13:45:23","guid":{"rendered":"https:\/\/www.gresduvent.fr\/site\/?page_id=501"},"modified":"2019-08-27T11:57:29","modified_gmt":"2019-08-27T09:57:29","slug":"conditions-generales-de-vente","status":"publish","type":"page","link":"https:\/\/www.gresduvent.fr\/site\/conditions-generales-de-vente\/","title":{"rendered":"Conditions G\u00e9n\u00e9rales de Vente"},"content":{"rendered":"<h2>Conditions d&#8217;utilisation\u00a0:<\/h2>\n<p>Toute prise de commande au titre d&#8217;un produit figurant au sein de la boutique en ligne du site <a href=\"http:\/\/www.gresduvent.fr\">www.gresduvent.fr<\/a> suppose la consultation pr\u00e9alable des pr\u00e9sentes conditions g\u00e9n\u00e9rales.<\/p>\n<h2>Objet :<\/h2>\n<p>L\u2019acquisition d\u2019un bien ou d\u2019un service \u00e0 travers le pr\u00e9sent site implique une acceptation sans r\u00e9serve par l\u2019acheteur des pr\u00e9sentes conditions de vente. Ces conditions de vente pr\u00e9vaudront sur toutes autres conditions g\u00e9n\u00e9rales ou particuli\u00e8res non express\u00e9ment agr\u00e9\u00e9es par le vendeur. Le vendeur se r\u00e9serve de pouvoir modifier ses conditions de vente \u00e0 tout moment. Dans ce cas, les conditions applicables seront celles en vigueur \u00e0 la date de la commande par l\u2019acheteur.<br \/>\nCaract\u00e9ristiques des biens et services propos\u00e9s<br \/>\nLes c\u00e9ramiques et jeux propos\u00e9s sont ceux qui figurent dans le catalogue publi\u00e9 dans le site de\u00a0www.gresduvent.fr. Ces poteries et jeux sont propos\u00e9s dans la limite des stocks disponibles. Les photographies du catalogue sont les plus fid\u00e8les possibles mais ne peuvent assurer une similitude parfaite avec le produit propos\u00e9, notamment en ce qui concerne les couleurs.<\/p>\n<h2>Tarifs :<\/h2>\n<p>Les prix figurant dans le catalogue sont des\u00a0prix HT, la TVA n&#8217;est pas applicable pour cette micro-entreprise. Le vendeur se r\u00e9serve le droit de modifier ses prix \u00e0 tout moment, \u00e9tant toutefois entendu que le prix figurant au catalogue le jour de la commande sera le seul applicable \u00e0 l\u2019acheteur. Les prix indiqu\u00e9s de chaque produit ne comprennent pas les frais de transport et de livraison. Ceux-ci sont affich\u00e9s distinctement dans votre panier d\u00e8s l&#8217;instant o\u00f9 vous avez cr\u00e9\u00e9 un compte avec votre adresse de livraison.<\/p>\n<h2>Commandes\u00a0:<\/h2>\n<p>L\u2019acheteur, qui souhaite acheter un produit ou un service doit obligatoirement :<br \/>\n\u2022 choisir le service\/produit \u00e0 commander<br \/>\n\u2022 effectuer le paiement en indiquant son adresse de livraison dans les conditions pr\u00e9vues;<br \/>\n\u2022 confirmer sa commande et son r\u00e8glement.<br \/>\nLa confirmation de la commande entra\u00eene acceptation des pr\u00e9sentes conditions de vente, la reconnaissance d\u2019en avoir parfaite connaissance et la renonciation \u00e0 se pr\u00e9valoir de ses propres conditions d\u2019achat ou d\u2019autres conditions. L\u2019ensemble des donn\u00e9es fournies et la confirmation enregistr\u00e9e vaudront preuve de la transaction. La confirmation vaudra signature et acceptation des op\u00e9rations effectu\u00e9es. Le vendeur communiquera par courrier \u00e9lectronique confirmation de la commande enregistr\u00e9e.<\/p>\n<p>Le paiement s\u00e9curis\u00e9 est effectu\u00e9 par <a href=\"http:\/\/www.payplug.fr\">www.payplug.fr<\/a><\/p>\n<h2>R\u00e9tractation :<\/h2>\n<p>Les acheteurs, personnes physiques non professionnelles, b\u00e9n\u00e9ficient d\u2019un d\u00e9lai de r\u00e9tractation de huit jours \u00e0 compter de la r\u00e9ception de leur commande pour faire retour du produit au vendeur pour\u00a0\u00e9change ou remboursement sans p\u00e9nalit\u00e9, \u00e0 l\u2019exception des frais de retour.<br \/>\nLes poteries retourn\u00e9es n&#8217;auront pas \u00e9t\u00e9 cass\u00e9es.<br \/>\nLes produits retourn\u00e9s seront emball\u00e9s suivant les r\u00e8gles du transport de marchandises, les avaries \u00e9ventuelles dues au transport retour annuleront le remboursement.<br \/>\nNous proc\u00e8derons \u00e0 l&#8217;\u00e9change ou au remboursement du produit \u00e0 r\u00e9ception de celui-ci sous un d\u00e9lais d&#8217; 1 mois.<\/p>\n<h2>Modalit\u00e9s de paiement :<\/h2>\n<p>Le paiement est exigible \u00e0 la commande.<br \/>\nL&#8217;acheteur peut r\u00e9gler sa commande par carte bancaire. Les paiements effectu\u00e9s par carte bancaire sont r\u00e9alis\u00e9s par <a href=\"http:\/\/www.payplug.fr\">www.payplug.fr<\/a><br \/>\nL&#8217;acheteur peut \u00e9galement payer par virement bancaire ou par ch\u00e8que, \u00e0 l&#8217;ordre de notre compte indiqu\u00e9 lors du choix de r\u00e8glement. Les marchandises sont alors r\u00e9serv\u00e9es pendant 8 jours calendaires en attente de la confirmation de paiement par notre banque, la Banque Populaire du Nord.<br \/>\nUne facture sur papier sera jointe au colis.<\/p>\n<h2>Responsabilit\u00e9\u00a0:<\/h2>\n<p>Le vendeur, dans le processus de vente en ligne, n\u2019est tenu que par une obligation de moyens; sa responsabilit\u00e9 ne pourra \u00eatre engag\u00e9e pour un dommage r\u00e9sultant de l\u2019utilisation du r\u00e9seau Internet tel que perte de donn\u00e9es, intrusion, virus, rupture du service, ou autres probl\u00e8mes involontaires.<br \/>\nPropri\u00e9t\u00e9 intellectuelle<br \/>\nPersonne n\u2019est autoris\u00e9 \u00e0 reproduire, exploiter, rediffuser, ou utiliser \u00e0 quelque titre que ce soit, m\u00eame partiellement, des \u00e9l\u00e9ments du site qu\u2019ils soient logiciels, visuels ou sonores. Tous les \u00e9l\u00e9ments du site www.gresduvent.fr sont et restent la propri\u00e9t\u00e9 intellectuelle et exclusive de \u00ab\u00a0Au Gr\u00e8s du Vent\u00a0\u00bb. Tout lien simple ou par hypertexte est strictement interdit sans un accord \u00e9crit expr\u00e8s de \u00ab\u00a0Au Gr\u00e8s du Vent\u00a0\u00bb.<br \/>\nDonn\u00e9es \u00e0 caract\u00e8re personnel<br \/>\nConform\u00e9ment \u00e0 la loi relative \u00e0 l\u2019informatique, aux fichiers et aux libert\u00e9s du 6 janvier 1978, les informations \u00e0 caract\u00e8re nominatif relatives aux acheteurs pourront faire l\u2019objet d\u2019un traitement automatis\u00e9.Le vendeur se r\u00e9serve le droit de collecter des informations sur les acheteurs. Ces informations ne seront transmisent \u00e0 aucuns tiers. Les acheteurs peuvent s\u2019opposer \u00e0 la divulgation de leurs coordonn\u00e9es en le signalant au vendeur. De m\u00eame, les utilisateurs disposent d\u2019un droit d\u2019acc\u00e8s et de rectification des donn\u00e9es les concernant, conform\u00e9ment \u00e0 la loi du 6 janvier 1978. Il vous suffit d&#8217;envoyer un mail \u00e0 <a href=\"mailto:gresduvent@gmail.com\">gresduvent@gmail.com<\/a> pour acc\u00e9der aux donn\u00e9es vous concernant.<\/p>\n<h2>Archivage \u2013 Preuve :<\/h2>\n<p>Le vendeur archivera les bons de commandes et les factures sur un support fiable et durable constituant une copie fid\u00e8le conform\u00e9ment aux dispositions de l\u2019article 1348 du Code civil. Les registres informatis\u00e9s du vendeur seront consid\u00e9r\u00e9s par les parties comme preuve des communications, commandes, paiements et transactions intervenus entre les parties.<\/p>\n<h2>Conditions de livraison :<\/h2>\n<p>La livraison en France m\u00e9tropolitaine* est offerte d\u00e8s 100\u20ac d&#8217;achat, quels que soient les produits ou \u00e9quipements command\u00e9s.<br \/>\nSi votre commande est inf\u00e9rieure \u00e0 149\u20ac d&#8217;achat, les frais d&#8217;exp\u00e9dition s&#8217;afficheront automatiquement \u00e0 la fin de votre commande d\u00e8s l&#8217;enregistrement de votre adresse de livraison. Ces frais d\u00e9pendront de la taille et du poids de l&#8217;envoi.<\/p>\n<h2>D\u00e9tails de la livraison :<\/h2>\n<p>Les colis de poteries not\u00e9es \u00ab mod\u00e8le disponible \u00bb sont g\u00e9n\u00e9ralement exp\u00e9di\u00e9s sous une semaine apr\u00e8s r\u00e9ception de votre paiement.<br \/>\nLes colis de poteries not\u00e9es \u00ab mod\u00e8le \u00e0 commander\u00a0\u00bb ont des d\u00e9lais de livraison plus importants qui sont \u00e9crits \u00e0 la fin du descriptif de chaque c\u00e9ramique.<br \/>\nLe mode d&#8217;exp\u00e9dition standard pour les colis classique est le Colissimo sans signature.<br \/>\nNous vous envoyons un mail le jour de l\u2019enl\u00e8vement de votre commande.<br \/>\nLes frais d&#8217;exp\u00e9dition comprennent l&#8217;emballage et les frais de port.<\/p>\n<h2>Probl\u00e8me de \u00ab\u00a0casse\u00a0\u00bb\u00a0:<\/h2>\n<p>Apr\u00e8s r\u00e9ception du colis, vous avez 24h pour signaler que l&#8217;objet que vous avez re\u00e7u est endommag\u00e9 en envoyant une photo par mail \u00e0 l&#8217;adresse suivante : <a href=\"mailto:gresduvent@gmail.com\">gresduvent@gmail.com<\/a>. Une c\u00e9ramique identique vous sera r\u00e9exp\u00e9di\u00e9e sans aucun frais suppl\u00e9mentaire de votre part.<\/p>\n","protected":false},"excerpt":{"rendered":"<p>Conditions d&#8217;utilisation\u00a0: Toute prise de commande au titre d&#8217;un produit figurant au sein de la boutique en ligne du site www.gresduvent.fr suppose la consultation pr\u00e9alable des pr\u00e9sentes conditions g\u00e9n\u00e9rales. Objet : L\u2019acquisition d\u2019un bien ou d\u2019un service \u00e0 travers le [&hellip;]<\/p>\n","protected":false},"author":1,"featured_media":0,"parent":0,"menu_order":0,"comment_status":"closed","ping_status":"closed","template":"","meta":{"footnotes":""},"class_list":["post-501","page","type-page","status-publish","hentry","clearfix"],"_links":{"self":[{"href":"https:\/\/www.gresduvent.fr\/site\/wp-json\/wp\/v2\/pages\/501","targetHints":{"allow":["GET"]}}],"collection":[{"href":"https:\/\/www.gresduvent.fr\/site\/wp-json\/wp\/v2\/pages"}],"about":[{"href":"https:\/\/www.gresduvent.fr\/site\/wp-json\/wp\/v2\/types\/page"}],"author":[{"embeddable":true,"href":"https:\/\/www.gresduvent.fr\/site\/wp-json\/wp\/v2\/users\/1"}],"replies":[{"embeddable":true,"href":"https:\/\/www.gresduvent.fr\/site\/wp-json\/wp\/v2\/comments?post=501"}],"version-history":[{"count":5,"href":"https:\/\/www.gresduvent.fr\/site\/wp-json\/wp\/v2\/pages\/501\/revisions"}],"predecessor-version":[{"id":658,"href":"https:\/\/www.gresduvent.fr\/site\/wp-json\/wp\/v2\/pages\/501\/revisions\/658"}],"wp:attachment":[{"href":"https:\/\/www.gresduvent.fr\/site\/wp-json\/wp\/v2\/media?parent=501"}],"curies":[{"name":"wp","href":"https:\/\/api.w.org\/{rel}","templated":true}]}}